{"id":1359,"date":"2024-07-23T20:55:51","date_gmt":"2024-07-24T06:55:51","guid":{"rendered":"https:\/\/prod.sofleet.io\/?page_id=1359"},"modified":"2025-08-06T04:48:33","modified_gmt":"2025-08-06T14:48:33","slug":"mentions-legales","status":"publish","type":"page","link":"https:\/\/www.sofleet.eu\/es\/avisos-legales\/","title":{"rendered":"Notas legales"},"content":{"rendered":"<div data-elementor-type=\"wp-page\" data-elementor-id=\"1359\" class=\"elementor elementor-1359\" data-elementor-post-type=\"page\">\n\t\t\t\t<div data-particle_enable=\"false\" data-particle-mobile-disabled=\"false\" data-dce-background-overlay-image-url=\"https:\/\/www.sofleet.eu\/wp-content\/uploads\/2024\/06\/overlay-texture.png\" class=\"elementor-element elementor-element-9bdf0dc e-flex e-con-boxed e-con e-parent\" data-id=\"9bdf0dc\" data-element_type=\"container\" data-settings=\"{&quot;background_background&quot;:&quot;classic&quot;,&quot;_ha_eqh_enable&quot;:false}\">\n\t\t\t\t\t<div class=\"e-con-inner\">\n\t\t\t\t\t<\/div>\n\t\t\t\t<\/div>\n\t\t<div data-particle_enable=\"false\" data-particle-mobile-disabled=\"false\" class=\"elementor-element elementor-element-6f6a18b0 e-flex e-con-boxed e-con e-parent\" data-id=\"6f6a18b0\" data-element_type=\"container\" data-settings=\"{&quot;_ha_eqh_enable&quot;:false}\">\n\t\t\t\t\t<div class=\"e-con-inner\">\n\t\t\t\t<div class=\"elementor-element elementor-element-1005b515 elementor-widget elementor-widget-text-editor\" data-id=\"1005b515\" data-element_type=\"widget\" data-widget_type=\"text-editor.default\">\n\t\t\t\t<div class=\"elementor-widget-container\">\n\t\t\t\t\t\t\t\t\t<h2>EDICI\u00d3N DEL SITIO<\/h2>\n<p><!-- \/wp:heading --><!-- wp:paragraph --><\/p>\n<p>El sitio sofleet.eu est\u00e1 editado por la sociedad SAS SYNOX, con un capital social de 683.310 euros, inscrita en el Registro Mercantil de Montpellier con el n\u00famero 811 665 181 y cuya sede social se encuentra en 100 rue Aglaonice de Thessalie, 34170, Castelnau- le-Lez \u2013 34000 MONTPELLIER \u2013 Francia (n\u00ba de IVA intracomunitario FR93 811665181) y cuyo n\u00famero de tel\u00e9fono es: 04 30 00 19 10.<\/p>\n<p>Como excepci\u00f3n a lo anterior, la parte del sitio dedicada espec\u00edficamente a la soluci\u00f3n \u201cSoFLEET by Synox\u201d es publicada por la sociedad SAS SOFLEET, con un capital social de 591.000,00 \u20ac, inscrita en el Registro Mercantil de Montpellier con el n\u00famero 809 130 677 y cuya oficina central est\u00e1 situada en 100 rue Aglaonice de Thessalie, 34170, Castelnau-le-Lez \u2013 34000 MONTPELLIER \u2013 Francia (n\u00ba de IVA intracomunitario FR23 809130677) y cuyo n\u00famero de tel\u00e9fono es: 04 30 00 19 10.<\/p>\n<p><!-- \/wp:paragraph --><!-- wp:heading --><\/p>\n<h2>GERENTE DE PUBLICACIONES<\/h2>\n<p><!-- \/wp:heading --><!-- wp:paragraph --><\/p>\n<p>Sr. Emmanuel MOUTON<\/p>\n<p><!-- \/wp:paragraph --><!-- wp:heading --><\/p>\n<h2>ANFITRI\u00d3N<\/h2>\n<p><!-- \/wp:heading --><!-- wp:paragraph --><\/p>\n<p>El sitio sofleet.eu est\u00e1 alojado en la empresa OVH SA \u2013 2 Rue Kellermann 59100 Roubaix Francia \u2013 tel\u00e9fono: 09 72 10 10 07.<\/p>\n<p>El almacenamiento de los datos personales de los usuarios est\u00e1 garantizado por la empresa OVH SA \u2013 2 Rue Kellermann 59100 Roubaix Francia.<\/p>\n<p><!-- \/wp:paragraph --><!-- wp:heading --><\/p>\n<h2>PROPIEDAD INTELECTUAL<\/h2>\n<p><!-- \/wp:heading --><!-- wp:paragraph --><\/p>\n<p>Las marcas y logotipos que aparecen en el sitio son marcas registradas por las empresas SYNOX o SOFLEET, o por terceros que les han cedido los derechos. Cualquier reproducci\u00f3n, imitaci\u00f3n o utilizaci\u00f3n, total o parcial, de estos signos distintivos sin autorizaci\u00f3n expresa conlleva la responsabilidad de su autor.<\/p>\n<p>El sitio sofleet.eu en su totalidad, as\u00ed como cada uno de los elementos que lo componen considerados de forma independiente, en particular su estructura general, los contenidos, incluidos los datos, textos, gr\u00e1ficos y archivos, son propiedad de las empresas SYNOX o SOFLEET. Cualquier representaci\u00f3n total o parcial del sitio o de uno de sus elementos sin autorizaci\u00f3n expresa est\u00e1 prohibida y constituir\u00eda una infracci\u00f3n.<\/p>\n<p><!-- \/wp:paragraph --><!-- wp:heading --><\/p>\n<h2>PROTECCI\u00d3N DE DATOS<\/h2>\n<p><!-- \/wp:heading --><!-- wp:paragraph --><\/p>\n<p>Emmanuel MOUTON es el representante de la sociedad SAS SYNOX, con un capital social de 683.310 \u20ac, inscrita en el Registro Mercantil de Montpellier con el n\u00famero 811 665 181, y es responsable del tratamiento de los datos recogidos en el sitio sofleet .eu.<\/p>\n<p>El tratamiento de datos realizado en el marco del sitio sofleet.eu est\u00e1 incluido en la lista de actividades de tratamiento del Delegado de Protecci\u00f3n de Datos de la empresa SYNOX, Thomas SALINAS-BROUTEE, DPO de la empresa Synox.<\/p>\n<p>Los datos personales recopilados en las p\u00e1ginas SYNOX y SoFLEET se comparten entre las dos empresas.<\/p>\n<p><!-- \/wp:paragraph --><!-- wp:heading --><\/p>\n<h2>M\u00e9todo de procesamiento de datos:<\/h2>\n<p><!-- \/wp:heading --><!-- wp:paragraph --><\/p>\n<p>La informaci\u00f3n recopilada, en particular mediante los formularios del sitio, es necesaria para responder a sus solicitudes y no ser\u00e1 reutilizada para otros fines sin su consentimiento expreso.<\/p>\n<p>Le informamos que durante sus visitas al sitio se podr\u00e1n utilizar \u201ccookies\u201d y otras tecnolog\u00edas similares con el fin de analizar el uso que se hace del sitio y mejorar su experiencia. Usted sigue siendo libre de oponerse, ya sea obteniendo su consentimiento o configurando su navegador a tal efecto. El enlace a nuestra pol\u00edtica de cookies (UE) le permite conocer todos los datos recabados.<\/p>\n<p>El consentimiento se otorga a trav\u00e9s del banner de cookies, puede elegir aceptar o no los diferentes tipos de cookies a trav\u00e9s de nuestra p\u00e1gina de pol\u00edtica de cookies.<\/p>\n<p>El plazo de conservaci\u00f3n de los datos es de 3 a\u00f1os desde la finalizaci\u00f3n de la relaci\u00f3n comercial o el \u00faltimo contacto del interesado (cliente o prospecto). Por lo general, los datos se eliminan con mucha antelaci\u00f3n si ya no sirven para ning\u00fan prop\u00f3sito \u00fatil.<\/p>\n<p>Nuestros sitios web pueden contener enlaces a sitios de terceros. Si accede a estos enlaces, abandonar\u00e1 nuestro sitio y le recomendamos que revise la pol\u00edtica de protecci\u00f3n de datos de cualquier sitio de terceros al que enlacemos antes de enviar sus datos personales.<\/p>\n<p>De conformidad con la ley &quot;Inform\u00e1tica y Libertades&quot; y el Reglamento (UE) 2016\/679 del Parlamento Europeo relativo a la protecci\u00f3n de las personas en lo que respecta al tratamiento de datos personales (&quot;GDPR&quot;), usted se beneficia de un derecho de acceso, rectificaci\u00f3n, portabilidad y supresi\u00f3n de sus datos personales. Tambi\u00e9n puede oponerse al procesamiento de sus datos personales y enviarnos instrucciones espec\u00edficas sobre el uso de sus datos personales despu\u00e9s de su muerte.<\/p>\n<p><b>Tratamiento de datos en el contexto del servicio de solicitud de elegibilidad<\/b><\/p>\n<p>Como parte de su servicio gratuito de solicitud de elegibilidad, SoFLEET requiere que los usuarios completen un formulario de tres pasos, incluidos sus datos de contacto y el N\u00famero de Identificaci\u00f3n del Veh\u00edculo (VIN).<\/p>\n<p>Los datos recopilados son utilizados exclusivamente por SoFLEET con fines de prospecci\u00f3n comercial y comunicaci\u00f3n de marketing, de conformidad con las obligaciones legales vigentes. No se ceden ni transmiten a terceros.<\/p>\n<p>El VIN, como dato potencialmente sensible, se conserva durante un m\u00e1ximo de tres (3) meses desde su recopilaci\u00f3n, tras lo cual se elimina autom\u00e1ticamente. El usuario puede ejercer en cualquier momento sus derechos de acceso, rectificaci\u00f3n, oposici\u00f3n o supresi\u00f3n, de conformidad con el Reglamento General de Protecci\u00f3n de Datos (RGPD), contactando con el responsable de protecci\u00f3n de datos en la siguiente direcci\u00f3n: contact@sofleet.eu.<\/p>\n<p><span style=\"color: #6baa39; font-family: Inter, sans-serif; font-size: 24px; font-weight: 900;\">CONT\u00c1CTENOS<\/span><b><br \/><\/b><\/p>\n<p><!-- \/wp:heading --><!-- wp:paragraph --><\/p>\n<p><strong>Por tel\u00e9fono<\/strong>\u00a0: +33 4 30 00 19 10 [n\u00famero de tarifa no premium]<\/p>\n<p><!-- \/wp:paragraph --><!-- wp:paragraph --><\/p>\n<p><strong>Por correo electr\u00f3nico<\/strong>\u00a0:<\/p>\n<p><!-- \/wp:paragraph --><!-- wp:list --><\/p>\n<ul>\n<li style=\"list-style-type: none;\">\n<ul><!-- wp:list-item --><\/ul>\n<\/li>\n<\/ul>\n<ul>\n<li style=\"list-style-type: none;\">\n<ul>\n<li style=\"font-weight: 400;\" aria-level=\"1\"><span style=\"font-weight: 400;\">Empresa SoFLEET: <a href=\"mailto:contact@sofleet.eu\">contacto@sofleet.eu<\/a><\/span><\/li>\n<li style=\"font-weight: 400;\" aria-level=\"1\"><span style=\"font-weight: 400;\">Empresa SYNOX: <a href=\"mailto:contact@synox.io\">contacto@synox.io<\/a><\/span><\/li>\n<li style=\"font-weight: 400;\" aria-level=\"1\"><span style=\"font-weight: 400;\">Delegado de Protecci\u00f3n de Datos: dpo@synox.io<\/span><\/li>\n<\/ul>\n<\/li>\n<\/ul>\n<p><!-- \/wp:list-item --><!-- wp:list-item --><\/p>\n<ul>\n<li style=\"list-style-type: none;\">\u00a0<\/li>\n<\/ul>\n<p><!-- \/wp:list-item --><\/p>\n<p><!-- \/wp:list --><!-- wp:paragraph --><\/p>\n<p>O a trav\u00e9s de nuestro <a href=\"https:\/\/www.sofleet.eu\/es\/contacto\/\">formulario de contacto<\/a><\/p>\n<p><!-- \/wp:paragraph --><!-- wp:heading --><\/p>\n<h2>CAMBIOS<\/h2>\n<p><!-- \/wp:heading --><!-- wp:paragraph --><\/p>\n<p><span style=\"font-weight: 400;\">Toda la informaci\u00f3n publicada en el sitio puede estar sujeta a cambios. Adem\u00e1s, estos avisos legales podr\u00e1n ser modificados sin previo aviso. En caso de cambios significativos, se publicar\u00e1 un aviso informativo en el sitio.<\/span><\/p>\n<p><!-- \/wp:paragraph --><\/p>\t\t\t\t\t\t\t\t<\/div>\n\t\t\t\t<\/div>\n\t\t\t\t\t<\/div>\n\t\t\t\t<\/div>\n\t\t\t\t<\/div>","protected":false},"excerpt":{"rendered":"<p>EDICI\u00d3N DEL SITIO El sitio web sofleet.eu es editado por la sociedad SAS SYNOX, con un capital social de 683.310 \u20ac, inscrita en el Registro Mercantil de Montpellier con el n\u00famero 811 665 181 y cuyo domicilio social se encuentra en 100 rue Aglaonice de Thessalie, 34170, Castelnau-le-Lez \u2013 34000 MONTPELLIER \u2013 Francia [\u2026]<\/p>","protected":false},"author":1,"featured_media":0,"parent":0,"menu_order":0,"comment_status":"closed","ping_status":"closed","template":"","meta":{"_acf_changed":false,"_eb_attr":"","footnotes":""},"class_list":["post-1359","page","type-page","status-publish","hentry"],"acf":[],"yoast_head":"<!-- This site is optimized with the Yoast SEO plugin v23.1 - https:\/\/yoast.com\/wordpress\/plugins\/seo\/ -->\n<title>Mentions l\u00e9gales - SoFLEET<\/title>\n<meta name=\"description\" content=\"Lisez les mentions l\u00e9gales du site de SoFLEET, soci\u00e9t\u00e9 de service de t\u00e9l\u00e9matique et solution de gestion de flotte connect\u00e9e.\" \/>\n<meta name=\"robots\" content=\"noindex, nofollow\" \/>\n<meta property=\"og:locale\" content=\"es_ES\" \/>\n<meta property=\"og:type\" content=\"article\" \/>\n<meta property=\"og:title\" content=\"Mentions l\u00e9gales - SoFLEET\" \/>\n<meta property=\"og:description\" content=\"Lisez les mentions l\u00e9gales du site de SoFLEET, soci\u00e9t\u00e9 de service de t\u00e9l\u00e9matique et solution de gestion de flotte connect\u00e9e.\" \/>\n<meta property=\"og:url\" content=\"https:\/\/www.sofleet.eu\/es\/avisos-legales\/\" \/>\n<meta property=\"og:site_name\" content=\"SoFLEET\" \/>\n<meta property=\"article:modified_time\" content=\"2025-08-06T14:48:33+00:00\" \/>\n<meta name=\"twitter:card\" content=\"summary_large_image\" \/>\n<meta name=\"twitter:label1\" content=\"Tiempo de lectura\" \/>\n\t<meta name=\"twitter:data1\" content=\"5 minutos\" \/>\n<script type=\"application\/ld+json\" class=\"yoast-schema-graph\">{\"@context\":\"https:\/\/schema.org\",\"@graph\":[{\"@type\":\"WebPage\",\"@id\":\"https:\/\/www.sofleet.eu\/mentions-legales\/\",\"url\":\"https:\/\/www.sofleet.eu\/mentions-legales\/\",\"name\":\"Mentions l\u00e9gales - SoFLEET\",\"isPartOf\":{\"@id\":\"https:\/\/www.sofleet.eu\/#website\"},\"datePublished\":\"2024-07-24T06:55:51+00:00\",\"dateModified\":\"2025-08-06T14:48:33+00:00\",\"description\":\"Lisez les mentions l\u00e9gales du site de SoFLEET, soci\u00e9t\u00e9 de service de t\u00e9l\u00e9matique et solution de gestion de flotte connect\u00e9e.\",\"breadcrumb\":{\"@id\":\"https:\/\/www.sofleet.eu\/mentions-legales\/#breadcrumb\"},\"inLanguage\":\"es\",\"potentialAction\":[{\"@type\":\"ReadAction\",\"target\":[\"https:\/\/www.sofleet.eu\/mentions-legales\/\"]}]},{\"@type\":\"BreadcrumbList\",\"@id\":\"https:\/\/www.sofleet.eu\/mentions-legales\/#breadcrumb\",\"itemListElement\":[{\"@type\":\"ListItem\",\"position\":1,\"name\":\"Accueil\",\"item\":\"https:\/\/www.sofleet.eu\/\"},{\"@type\":\"ListItem\",\"position\":2,\"name\":\"Mentions l\u00e9gales\"}]},{\"@type\":\"WebSite\",\"@id\":\"https:\/\/www.sofleet.eu\/#website\",\"url\":\"https:\/\/www.sofleet.eu\/\",\"name\":\"SoFLEET\",\"description\":\"\u00c9coconduite &amp; gestion de flotte automobile\",\"publisher\":{\"@id\":\"https:\/\/www.sofleet.eu\/#organization\"},\"potentialAction\":[{\"@type\":\"SearchAction\",\"target\":{\"@type\":\"EntryPoint\",\"urlTemplate\":\"https:\/\/www.sofleet.eu\/?s={search_term_string}\"},\"query-input\":\"required name=search_term_string\"}],\"inLanguage\":\"es\"},{\"@type\":\"Organization\",\"@id\":\"https:\/\/www.sofleet.eu\/#organization\",\"name\":\"SoFLEET\",\"url\":\"https:\/\/www.sofleet.eu\/\",\"logo\":{\"@type\":\"ImageObject\",\"inLanguage\":\"es\",\"@id\":\"https:\/\/www.sofleet.eu\/#\/schema\/logo\/image\/\",\"url\":\"https:\/\/www.sofleet.eu\/wp-content\/uploads\/2024\/06\/so-fleet-wpcf_453x200.png\",\"contentUrl\":\"https:\/\/www.sofleet.eu\/wp-content\/uploads\/2024\/06\/so-fleet-wpcf_453x200.png\",\"width\":453,\"height\":200,\"caption\":\"SoFLEET\"},\"image\":{\"@id\":\"https:\/\/www.sofleet.eu\/#\/schema\/logo\/image\/\"}}]}<\/script>\n<!-- \/ Yoast SEO plugin. -->","yoast_head_json":{"title":"Avisos legales - SoFLEET","description":"Lea los avisos legales del sitio web de SoFLEET, una empresa de servicios telem\u00e1ticos y una soluci\u00f3n de gesti\u00f3n de flotas conectadas.","robots":{"index":"noindex","follow":"nofollow"},"og_locale":"es_ES","og_type":"article","og_title":"Mentions l\u00e9gales - SoFLEET","og_description":"Lisez les mentions l\u00e9gales du site de SoFLEET, soci\u00e9t\u00e9 de service de t\u00e9l\u00e9matique et solution de gestion de flotte connect\u00e9e.","og_url":"https:\/\/www.sofleet.eu\/es\/avisos-legales\/","og_site_name":"SoFLEET","article_modified_time":"2025-08-06T14:48:33+00:00","twitter_card":"summary_large_image","twitter_misc":{"Tiempo de lectura":"5 minutos"},"schema":{"@context":"https:\/\/schema.org","@graph":[{"@type":"WebPage","@id":"https:\/\/www.sofleet.eu\/mentions-legales\/","url":"https:\/\/www.sofleet.eu\/mentions-legales\/","name":"Avisos legales - SoFLEET","isPartOf":{"@id":"https:\/\/www.sofleet.eu\/#website"},"datePublished":"2024-07-24T06:55:51+00:00","dateModified":"2025-08-06T14:48:33+00:00","description":"Lea los avisos legales del sitio web de SoFLEET, una empresa de servicios telem\u00e1ticos y una soluci\u00f3n de gesti\u00f3n de flotas conectadas.","breadcrumb":{"@id":"https:\/\/www.sofleet.eu\/mentions-legales\/#breadcrumb"},"inLanguage":"es","potentialAction":[{"@type":"ReadAction","target":["https:\/\/www.sofleet.eu\/mentions-legales\/"]}]},{"@type":"BreadcrumbList","@id":"https:\/\/www.sofleet.eu\/mentions-legales\/#breadcrumb","itemListElement":[{"@type":"ListItem","position":1,"name":"Accueil","item":"https:\/\/www.sofleet.eu\/"},{"@type":"ListItem","position":2,"name":"Mentions l\u00e9gales"}]},{"@type":"WebSite","@id":"https:\/\/www.sofleet.eu\/#website","url":"https:\/\/www.sofleet.eu\/","name":"SoFLOTA","description":"Conducci\u00f3n ecol\u00f3gica y gesti\u00f3n de flotas","publisher":{"@id":"https:\/\/www.sofleet.eu\/#organization"},"potentialAction":[{"@type":"SearchAction","target":{"@type":"EntryPoint","urlTemplate":"https:\/\/www.sofleet.eu\/?s={search_term_string}"},"query-input":"required name=search_term_string"}],"inLanguage":"es"},{"@type":"Organization","@id":"https:\/\/www.sofleet.eu\/#organization","name":"SoFLOTA","url":"https:\/\/www.sofleet.eu\/","logo":{"@type":"ImageObject","inLanguage":"es","@id":"https:\/\/www.sofleet.eu\/#\/schema\/logo\/image\/","url":"https:\/\/www.sofleet.eu\/wp-content\/uploads\/2024\/06\/so-fleet-wpcf_453x200.png","contentUrl":"https:\/\/www.sofleet.eu\/wp-content\/uploads\/2024\/06\/so-fleet-wpcf_453x200.png","width":453,"height":200,"caption":"SoFLEET"},"image":{"@id":"https:\/\/www.sofleet.eu\/#\/schema\/logo\/image\/"}}]}},"_links":{"self":[{"href":"https:\/\/www.sofleet.eu\/es\/wp-json\/wp\/v2\/pages\/1359","targetHints":{"allow":["GET"]}}],"collection":[{"href":"https:\/\/www.sofleet.eu\/es\/wp-json\/wp\/v2\/pages"}],"about":[{"href":"https:\/\/www.sofleet.eu\/es\/wp-json\/wp\/v2\/types\/page"}],"author":[{"embeddable":true,"href":"https:\/\/www.sofleet.eu\/es\/wp-json\/wp\/v2\/users\/1"}],"replies":[{"embeddable":true,"href":"https:\/\/www.sofleet.eu\/es\/wp-json\/wp\/v2\/comments?post=1359"}],"version-history":[{"count":0,"href":"https:\/\/www.sofleet.eu\/es\/wp-json\/wp\/v2\/pages\/1359\/revisions"}],"wp:attachment":[{"href":"https:\/\/www.sofleet.eu\/es\/wp-json\/wp\/v2\/media?parent=1359"}],"curies":[{"name":"gracias","href":"https:\/\/api.w.org\/{rel}","templated":true}]}}