{"id":1691,"date":"2024-07-28T20:11:13","date_gmt":"2024-07-29T06:11:13","guid":{"rendered":"https:\/\/prod.sofleet.io\/declaration-de-confidentialite-ue\/"},"modified":"2025-08-12T11:57:48","modified_gmt":"2025-08-12T21:57:48","slug":"declaration-de-confidentialite-ue","status":"publish","type":"page","link":"https:\/\/www.sofleet.eu\/es\/declaracion-de-privacidad-de-la-ue\/","title":{"rendered":"Declaraci\u00f3n de privacidad (UE)"},"content":{"rendered":"<div data-elementor-type=\"wp-page\" data-elementor-id=\"1691\" class=\"elementor elementor-1691\" data-elementor-post-type=\"page\">\n\t\t\t\t<div data-particle_enable=\"false\" data-particle-mobile-disabled=\"false\" class=\"elementor-element elementor-element-6220b3c7 e-flex e-con-boxed e-con e-parent\" data-id=\"6220b3c7\" data-element_type=\"container\" data-settings=\"{&quot;_ha_eqh_enable&quot;:false}\">\n\t\t\t\t\t<div class=\"e-con-inner\">\n\t\t\t\t<div class=\"elementor-element elementor-element-4d034866 elementor-widget elementor-widget-shortcode\" data-id=\"4d034866\" data-element_type=\"widget\" data-widget_type=\"shortcode.default\">\n\t\t\t\t<div class=\"elementor-widget-container\">\n\t\t\t\t\t\t\t<div class=\"elementor-shortcode\">\n<!-- Legal document generated by Complianz | GDPR\/CCPA Cookie Consent https:\/\/wordpress.org\/plugins\/complianz-gdpr -->\n<div id=\"cmplz-document\" class=\"cmplz-document privacy-statement cmplz-document-eu\"><p><i>Esta declaraci\u00f3n de privacidad se actualiza a partir del 5 de marzo de 2026 y se aplica a los ciudadanos y residentes legales permanentes de la Uni\u00f3n Econ\u00f3mica Europea y Suiza.<\/i><br \/><br \/><\/p><p><p>En esta declaraci\u00f3n de privacidad te explicamos qu\u00e9 tenemos con los datos que obtenemos seg\u00fan hemos le\u00eddo <a href=\"https:\/\/www.sofleet.eu\/es\">https:\/\/www.sofleet.eu\/es<\/a>Recomendamos que el intento sea una declaraci\u00f3n. En nuestras relaciones anteriores, cumplimos con los requisitos legales para mantener la privacidad. Esto significa, entre otras cosas, que:<\/p><ul>\n                <li>Indicamos claramente los detalles finos para procesar datos personales. Tenga en cuenta que esta es una declaraci\u00f3n de privacidad.<\/li>\n                <li>nuestros proponemos limitamos nuestra recopilaci\u00f3n de datos personales a los datos personales necesarios para fines leg\u00edtimos;<\/li>\n                <li>En primer lugar, solicitamos el consentimiento expl\u00edcito para el tratamiento de nuestros datos personales en estos casos seg\u00fan sea necesario.<\/li>\n                <li>tomar las medidas de seguridad necesarias para proteger sus datos personales y tambi\u00e9n exigir a las partes que procesen sus datos personales en numerosas cantidades;<\/li>\n                <li>Respetar su solicitud de acceso, rectificaci\u00f3n o cancelaci\u00f3n de nuestros datos personales previamente a la solicitud.<\/li>\n            <\/ul><p>Si tiene alg\u00fan requisito previo en el que necesita saber exactamente qu\u00e9 hemos almacenado, comun\u00edquese con nosotros.<\/p><\/p><h2>1. Propuesta, datos y plazo de conservaci\u00f3n<\/h2>Podemos recopilar o recibir informaci\u00f3n personal para una serie de propuestas relacionadas con nuestras operaciones comerciales, que pueden incluirse de la siguiente manera: (haga clic para ampliar) <details class=\"cmplz-dropdown dropdown-privacy-statement\"><summary><div><h3>1.1 Contacto - Para tel\u00e9fono, conexi\u00f3n, conexi\u00f3n electr\u00f3nica y\/o formularios en la localidad<\/h3><\/div><\/summary><p class=\"cmplz-subtitle\">Para utilizar los siguientes datos:<\/p><p><ul><li>Un n\u00famero y apellido<\/li><li>Una direcci\u00f3n de correcci\u00f3n electr\u00f3nica.<\/li><li>un numero de telefono<\/li><li>Direcci\u00f3n IP<\/li><\/ul><\/p><p class=\"cmplz-subtitle\">La base por la que podemos tratar estos datos es:<\/p><p><a target=\"_blank\" rel=\"noopener noreferrer nofollow\" href=\"https:\/\/cookiedatabase.org\/legal-bases\/#consent\">Tras la actuaci\u00f3n del consentimiento. <\/a><\/p><p class=\"cmplz-subtitle\">Periodo de retenci\u00f3n<\/p><p>Determinar el plazo de conservaci\u00f3n de la adquisici\u00f3n seg\u00fan los criterios aplicables: 1 a\u00f1o<\/p><\/details><h2>2. Galletas<\/h2><p>Nuestra web utiliza cookies. Para m\u00e1s informaci\u00f3n sobre las cookies, por favor consulte nuestro sitio web <a href=\"https:\/\/www.sofleet.eu\/es\/politica-de-cookies-de-la-ue\/\">Pol\u00edtica de cookies<\/a>.&nbsp;<\/p><h2>3. Pr\u00e1cticas de divulgaci\u00f3n<\/h2><p><p>Revelamos informaci\u00f3n personal si nuestra ley as\u00ed lo exige la ley o una orden judicial, en respuesta a un organismo encomendado para cumplir la ley, en la materia que lo permita otras disposiciones legales, para proporcionar informaci\u00f3n o para una investigaci\u00f3n bajo una obligaci\u00f3n relacionada con la ley. seguridad p\u00fablica.<\/p><p>Si nuestro sitio web o nuestra nueva organizaci\u00f3n ha adquirido, vendido o participado en una fusi\u00f3n o adquisici\u00f3n, nuestros datos pueden ser revelados a nuestros compradores potenciales y se transmitir\u00e1n a nuestros nuevos propietarios.<\/p><\/p><h2>4. Seguridad<\/h2><p>Estamos comprometidos con la seguridad de los datos personales. Tenga en cuenta que las medidas de seguridad est\u00e1n dise\u00f1adas para limitar el abuso y el acceso no autorizado a los datos personales. Esto garantiza que solo esas personas necesiten acceder a sus datos, que el acceso a sus datos est\u00e9 protegido y que nuestras medidas de seguridad se revisen peri\u00f3dicamente.<\/p><h2>5. Tercero webs<\/h2><p>Esta declaraci\u00f3n de privacidad no se aplica a las webs de terceros conectadas mediante enlaces en nuestra web. No podemos garantizar que estos terceros manejen nuestros datos personales de manera confiable o segura. Recomendamos que las declaraciones de privacidad de estos sitios web sean anteriores a su uso.<\/p><h2>6. Cambios a esta declaraci\u00f3n de privacidad<\/h2><p>Nuestras reservas se realizan de acuerdo con esta declaraci\u00f3n de privacidad. Se recomienda que consulte esta declaraci\u00f3n de privacidad peri\u00f3dicamente para asegurarse de que se realicen cambios. Adem\u00e1s, le informaremos activamente si es posible.<\/p><h2>7. Acceso y modificaci\u00f3n de estos datos<\/h2><p>Si tiene alg\u00fan requisito previo o no tenemos ning\u00fan dato personal que necesite saber, cont\u00e1ctenos. Puede contactar con nosotros utilizando la siguiente informaci\u00f3n. Aqu\u00ed est\u00e1n las siguientes notas:<\/p><ul>\n                <li>Tenga en cuenta que es necesario guardar sus datos personales, que se transmitir\u00e1n con ellos y durar\u00e1n mientras permanezcan.<\/li>\n                <li>Derecho de acceso: Usted tiene derecho a acceder a los datos personales que conocemos sobre usted.<\/li>\n                <li>Solicitar correcci\u00f3n: deber\u00e1s completar, corregir, cancelar o bloquear tus datos personales cuando lo desees.<\/li>\n                <li>Si nos ha dado su consentimiento para procesar sus datos, por favor revoque su consentimiento y elimine sus datos personales.<\/li>\n                <li>Para transferir tus datos: deber\u00e1s solicitar todos tus datos personales al responsable y transferirlos \u00edntegramente al responsable del tratamiento.<\/li>\n                <li>Tenga en cuenta: Usted puede oponerse al procesamiento de estos datos. Estamos contentos con esto, aunque existen razones justificadas para el tratamiento.<\/li>\n            <\/ul><p>Por favor aseg\u00farese de indicar claramente que est\u00e1 autorizado a hacerlo, para que podamos estar seguros de que no modificamos ni eliminamos ning\u00fan dato de la persona enga\u00f1osa.<\/p><h2>8. Solicitar una queja<\/h2><p>Si no est\u00e1 satisfecho con la forma en que procesamos o procesamos sus datos personales, env\u00ede una solicitud a la Autoridad de Protecci\u00f3n de Datos.<\/p><h2>9. Datos de contacto<\/h2><p>S\u00cdNOX SAS<br \/>\n        100 rue Aglaonice de Thessalie, 34170, Castelneau-le-Lez<br \/>\n        Francia<br \/>\n        Web: <a href=\"https:\/\/www.sofleet.eu\/es\">https:\/\/www.sofleet.eu\/es<\/a> <br \/>\n        Correo Electr\u00f3nico: <span class=\"cmplz-obfuscate\">contacto@<span class=\"cmplz-fmail-domain\">ex.com<\/span>sofleet.eu<\/span> <br \/>\n        N\u00famero de tel\u00e9fono: 04 30 00 19 10<\/p><\/div><\/div>\n\t\t\t\t\t\t<\/div>\n\t\t\t\t<\/div>\n\t\t\t\t\t<\/div>\n\t\t\t\t<\/div>\n\t\t\t\t<\/div>","protected":false},"excerpt":{"rendered":"","protected":false},"author":1,"featured_media":0,"parent":0,"menu_order":0,"comment_status":"closed","ping_status":"closed","template":"","meta":{"_acf_changed":false,"_eb_attr":"","footnotes":""},"class_list":["post-1691","page","type-page","status-publish","hentry"],"acf":[],"yoast_head":"<!-- This site is optimized with the Yoast SEO plugin v23.1 - https:\/\/yoast.com\/wordpress\/plugins\/seo\/ -->\n<title>D\u00e9claration de confidentialit\u00e9 (UE) - SoFLEET<\/title>\n<meta name=\"robots\" content=\"index, follow, max-snippet:-1, max-image-preview:large, max-video-preview:-1\" \/>\n<link rel=\"canonical\" href=\"https:\/\/www.sofleet.eu\/es\/declaracion-de-privacidad-de-la-ue\/\" \/>\n<meta property=\"og:locale\" content=\"es_ES\" \/>\n<meta property=\"og:type\" content=\"article\" \/>\n<meta property=\"og:title\" content=\"D\u00e9claration de confidentialit\u00e9 (UE) - SoFLEET\" \/>\n<meta property=\"og:url\" content=\"https:\/\/www.sofleet.eu\/es\/declaracion-de-privacidad-de-la-ue\/\" \/>\n<meta property=\"og:site_name\" content=\"SoFLEET\" \/>\n<meta property=\"article:modified_time\" content=\"2025-08-12T21:57:48+00:00\" \/>\n<meta name=\"twitter:card\" content=\"summary_large_image\" \/>\n<script type=\"application\/ld+json\" class=\"yoast-schema-graph\">{\"@context\":\"https:\/\/schema.org\",\"@graph\":[{\"@type\":\"WebPage\",\"@id\":\"https:\/\/www.sofleet.eu\/declaration-de-confidentialite-ue\/\",\"url\":\"https:\/\/www.sofleet.eu\/declaration-de-confidentialite-ue\/\",\"name\":\"D\u00e9claration de confidentialit\u00e9 (UE) - SoFLEET\",\"isPartOf\":{\"@id\":\"https:\/\/www.sofleet.eu\/#website\"},\"datePublished\":\"2024-07-29T06:11:13+00:00\",\"dateModified\":\"2025-08-12T21:57:48+00:00\",\"breadcrumb\":{\"@id\":\"https:\/\/www.sofleet.eu\/declaration-de-confidentialite-ue\/#breadcrumb\"},\"inLanguage\":\"es\",\"potentialAction\":[{\"@type\":\"ReadAction\",\"target\":[\"https:\/\/www.sofleet.eu\/declaration-de-confidentialite-ue\/\"]}]},{\"@type\":\"BreadcrumbList\",\"@id\":\"https:\/\/www.sofleet.eu\/declaration-de-confidentialite-ue\/#breadcrumb\",\"itemListElement\":[{\"@type\":\"ListItem\",\"position\":1,\"name\":\"Accueil\",\"item\":\"https:\/\/www.sofleet.eu\/\"},{\"@type\":\"ListItem\",\"position\":2,\"name\":\"D\u00e9claration de confidentialit\u00e9 (UE)\"}]},{\"@type\":\"WebSite\",\"@id\":\"https:\/\/www.sofleet.eu\/#website\",\"url\":\"https:\/\/www.sofleet.eu\/\",\"name\":\"SoFLEET\",\"description\":\"\u00c9coconduite &amp; gestion de flotte automobile\",\"publisher\":{\"@id\":\"https:\/\/www.sofleet.eu\/#organization\"},\"potentialAction\":[{\"@type\":\"SearchAction\",\"target\":{\"@type\":\"EntryPoint\",\"urlTemplate\":\"https:\/\/www.sofleet.eu\/?s={search_term_string}\"},\"query-input\":\"required name=search_term_string\"}],\"inLanguage\":\"es\"},{\"@type\":\"Organization\",\"@id\":\"https:\/\/www.sofleet.eu\/#organization\",\"name\":\"SoFLEET\",\"url\":\"https:\/\/www.sofleet.eu\/\",\"logo\":{\"@type\":\"ImageObject\",\"inLanguage\":\"es\",\"@id\":\"https:\/\/www.sofleet.eu\/#\/schema\/logo\/image\/\",\"url\":\"https:\/\/www.sofleet.eu\/wp-content\/uploads\/2024\/06\/so-fleet-wpcf_453x200.png\",\"contentUrl\":\"https:\/\/www.sofleet.eu\/wp-content\/uploads\/2024\/06\/so-fleet-wpcf_453x200.png\",\"width\":453,\"height\":200,\"caption\":\"SoFLEET\"},\"image\":{\"@id\":\"https:\/\/www.sofleet.eu\/#\/schema\/logo\/image\/\"}}]}<\/script>\n<!-- \/ Yoast SEO plugin. -->","yoast_head_json":{"title":"Declaraci\u00f3n de privacidad (UE) - SoFLEET","robots":{"index":"index","follow":"follow","max-snippet":"max-snippet:-1","max-image-preview":"max-image-preview:large","max-video-preview":"max-video-preview:-1"},"canonical":"https:\/\/www.sofleet.eu\/es\/declaracion-de-privacidad-de-la-ue\/","og_locale":"es_ES","og_type":"article","og_title":"D\u00e9claration de confidentialit\u00e9 (UE) - SoFLEET","og_url":"https:\/\/www.sofleet.eu\/es\/declaracion-de-privacidad-de-la-ue\/","og_site_name":"SoFLEET","article_modified_time":"2025-08-12T21:57:48+00:00","twitter_card":"summary_large_image","schema":{"@context":"https:\/\/schema.org","@graph":[{"@type":"WebPage","@id":"https:\/\/www.sofleet.eu\/declaration-de-confidentialite-ue\/","url":"https:\/\/www.sofleet.eu\/declaration-de-confidentialite-ue\/","name":"Declaraci\u00f3n de privacidad (UE) - SoFLEET","isPartOf":{"@id":"https:\/\/www.sofleet.eu\/#website"},"datePublished":"2024-07-29T06:11:13+00:00","dateModified":"2025-08-12T21:57:48+00:00","breadcrumb":{"@id":"https:\/\/www.sofleet.eu\/declaration-de-confidentialite-ue\/#breadcrumb"},"inLanguage":"es","potentialAction":[{"@type":"ReadAction","target":["https:\/\/www.sofleet.eu\/declaration-de-confidentialite-ue\/"]}]},{"@type":"BreadcrumbList","@id":"https:\/\/www.sofleet.eu\/declaration-de-confidentialite-ue\/#breadcrumb","itemListElement":[{"@type":"ListItem","position":1,"name":"Accueil","item":"https:\/\/www.sofleet.eu\/"},{"@type":"ListItem","position":2,"name":"D\u00e9claration de confidentialit\u00e9 (UE)"}]},{"@type":"WebSite","@id":"https:\/\/www.sofleet.eu\/#website","url":"https:\/\/www.sofleet.eu\/","name":"SoFLOTA","description":"Conducci\u00f3n ecol\u00f3gica y gesti\u00f3n de flotas","publisher":{"@id":"https:\/\/www.sofleet.eu\/#organization"},"potentialAction":[{"@type":"SearchAction","target":{"@type":"EntryPoint","urlTemplate":"https:\/\/www.sofleet.eu\/?s={search_term_string}"},"query-input":"required name=search_term_string"}],"inLanguage":"es"},{"@type":"Organization","@id":"https:\/\/www.sofleet.eu\/#organization","name":"SoFLOTA","url":"https:\/\/www.sofleet.eu\/","logo":{"@type":"ImageObject","inLanguage":"es","@id":"https:\/\/www.sofleet.eu\/#\/schema\/logo\/image\/","url":"https:\/\/www.sofleet.eu\/wp-content\/uploads\/2024\/06\/so-fleet-wpcf_453x200.png","contentUrl":"https:\/\/www.sofleet.eu\/wp-content\/uploads\/2024\/06\/so-fleet-wpcf_453x200.png","width":453,"height":200,"caption":"SoFLEET"},"image":{"@id":"https:\/\/www.sofleet.eu\/#\/schema\/logo\/image\/"}}]}},"_links":{"self":[{"href":"https:\/\/www.sofleet.eu\/es\/wp-json\/wp\/v2\/pages\/1691","targetHints":{"allow":["GET"]}}],"collection":[{"href":"https:\/\/www.sofleet.eu\/es\/wp-json\/wp\/v2\/pages"}],"about":[{"href":"https:\/\/www.sofleet.eu\/es\/wp-json\/wp\/v2\/types\/page"}],"author":[{"embeddable":true,"href":"https:\/\/www.sofleet.eu\/es\/wp-json\/wp\/v2\/users\/1"}],"replies":[{"embeddable":true,"href":"https:\/\/www.sofleet.eu\/es\/wp-json\/wp\/v2\/comments?post=1691"}],"version-history":[{"count":0,"href":"https:\/\/www.sofleet.eu\/es\/wp-json\/wp\/v2\/pages\/1691\/revisions"}],"wp:attachment":[{"href":"https:\/\/www.sofleet.eu\/es\/wp-json\/wp\/v2\/media?parent=1691"}],"curies":[{"name":"gracias","href":"https:\/\/api.w.org\/{rel}","templated":true}]}}