{"id":1698,"date":"2024-07-28T20:17:38","date_gmt":"2024-07-29T06:17:38","guid":{"rendered":"https:\/\/prod.sofleet.io\/?page_id=1698"},"modified":"2024-07-28T20:18:55","modified_gmt":"2024-07-29T06:18:55","slug":"plan-du-site","status":"publish","type":"page","link":"https:\/\/www.sofleet.eu\/es\/mapa-del-sitio\/","title":{"rendered":"plano del sitio"},"content":{"rendered":"<div data-elementor-type=\"wp-page\" data-elementor-id=\"1698\" class=\"elementor elementor-1698\" data-elementor-post-type=\"page\">\n\t\t\t\t<div data-particle_enable=\"false\" data-particle-mobile-disabled=\"false\" data-dce-background-overlay-image-url=\"https:\/\/www.sofleet.eu\/wp-content\/uploads\/2024\/06\/overlay-texture.png\" class=\"elementor-element elementor-element-3038785 e-flex e-con-boxed e-con e-parent\" data-id=\"3038785\" data-element_type=\"container\" data-settings=\"{&quot;background_background&quot;:&quot;classic&quot;,&quot;_ha_eqh_enable&quot;:false}\">\n\t\t\t\t\t<div class=\"e-con-inner\">\n\t\t\t\t\t<\/div>\n\t\t\t\t<\/div>\n\t\t<div data-particle_enable=\"false\" data-particle-mobile-disabled=\"false\" class=\"elementor-element elementor-element-4eb3fa5 e-flex e-con-boxed e-con e-parent\" data-id=\"4eb3fa5\" data-element_type=\"container\" data-settings=\"{&quot;_ha_eqh_enable&quot;:false}\">\n\t\t\t\t\t<div class=\"e-con-inner\">\n\t\t\t\t<div class=\"elementor-element elementor-element-1c208e7 elementor-widget elementor-widget-sitemap\" data-id=\"1c208e7\" data-element_type=\"widget\" data-widget_type=\"sitemap.default\">\n\t\t\t\t<div class=\"elementor-widget-container\">\n\t\t\t\t\t<div class=\"elementor-sitemap-wrap\"><div class=\"elementor-sitemap-section\"><h2 class=\"elementor-sitemap-title elementor-sitemap-page-title\">paginas<\/h2><ul class=\"elementor-sitemap-list elementor-sitemap-page-list\"><li class=\"elementor-sitemap-item elementor-sitemap-item-page page_item page-item-5870\"><a href=\"https:\/\/www.sofleet.eu\/es\/solicita-tu-cotizacion-de-sofleet-para-conectar-tus-vehiculos\/\">Solicita tu cotizaci\u00f3n SoFLEET para conectar tus veh\u00edculos<\/a><\/li><li class=\"elementor-sitemap-item elementor-sitemap-item-page page_item page-item-4558\"><a href=\"https:\/\/www.sofleet.eu\/es\/area-de-prensa-2\/\">\u00c1rea de prensa<\/a><\/li><li class=\"elementor-sitemap-item elementor-sitemap-item-page page_item page-item-4124\"><a href=\"https:\/\/www.sofleet.eu\/es\/blog\/\">Blog<\/a><\/li><li class=\"elementor-sitemap-item elementor-sitemap-item-page page_item page-item-3932\"><a href=\"https:\/\/www.sofleet.eu\/es\/seminarios-web-2\/\">Seminarios web<\/a><\/li><li class=\"elementor-sitemap-item elementor-sitemap-item-page page_item page-item-3919\"><a href=\"https:\/\/www.sofleet.eu\/es\/libros-blancos\/\">Libro electr\u00f3nico<\/a><\/li><li class=\"elementor-sitemap-item elementor-sitemap-item-page page_item page-item-3861\"><a href=\"https:\/\/www.sofleet.eu\/es\/caso-de-uso-2\/\">Casos de uso<\/a><\/li><li class=\"elementor-sitemap-item elementor-sitemap-item-page page_item page-item-3423\"><a href=\"https:\/\/www.sofleet.eu\/es\/testimonios-de-clientes\/\">Testimonios de clientes<\/a><\/li><li class=\"elementor-sitemap-item elementor-sitemap-item-page page_item page-item-2080\"><a href=\"https:\/\/www.sofleet.eu\/es\/manifestacion\/\">Manifestaci\u00f3n<\/a><\/li><li class=\"elementor-sitemap-item elementor-sitemap-item-page page_item page-item-1698\"><a href=\"https:\/\/www.sofleet.eu\/es\/mapa-del-sitio\/\">plano del sitio<\/a><\/li><li class=\"elementor-sitemap-item elementor-sitemap-item-page page_item page-item-1691\"><a href=\"https:\/\/www.sofleet.eu\/es\/declaracion-de-privacidad-de-la-ue\/\">Declaraci\u00f3n de privacidad (UE)<\/a><\/li><li class=\"elementor-sitemap-item elementor-sitemap-item-page page_item page-item-1690\"><a href=\"https:\/\/www.sofleet.eu\/es\/politica-de-cookies-de-la-ue\/\">Pol\u00edtica de cookies (UE)<\/a><\/li><li class=\"elementor-sitemap-item elementor-sitemap-item-page page_item page-item-1435\"><a href=\"https:\/\/www.sofleet.eu\/es\/preguntas-frecuentes\/\">Preguntas frecuentes<\/a><\/li><li class=\"elementor-sitemap-item elementor-sitemap-item-page page_item page-item-1359\"><a href=\"https:\/\/www.sofleet.eu\/es\/avisos-legales\/\">Notas legales<\/a><\/li><li class=\"elementor-sitemap-item elementor-sitemap-item-page page_item page-item-400\"><a href=\"https:\/\/www.sofleet.eu\/es\/contacto\/\">Contacto<\/a><\/li><li class=\"elementor-sitemap-item elementor-sitemap-item-page page_item page-item-35\"><a href=\"https:\/\/www.sofleet.eu\/es\/\">Bienvenido<\/a><\/li><li class=\"elementor-sitemap-item elementor-sitemap-item-page page_item page-item-33\"><a href=\"https:\/\/www.sofleet.eu\/es\/acerca-de-2\/\">A proposito<\/a><\/li><li class=\"elementor-sitemap-item elementor-sitemap-item-page page_item page-item-29\"><a href=\"https:\/\/www.sofleet.eu\/es\/trabajar-con-sofleet-2\/\">Trabajar con SoFLEET<\/a><ul class='children'><li class=\"elementor-sitemap-item elementor-sitemap-item-page page_item page-item-5297\"><a href=\"https:\/\/www.sofleet.eu\/es\/trabajar-con-sofleet-2\/pruebe-la-elegibilidad-de-su-vehiculo\/\">\u00a1Pon a prueba la elegibilidad de tu veh\u00edculo!<\/a><\/li><\/ul><\/li><li class=\"elementor-sitemap-item elementor-sitemap-item-page page_item page-item-27\"><a href=\"https:\/\/www.sofleet.eu\/es\/tus-necesidades-2\/\">Sus necesidades<\/a><ul class='children'><li class=\"elementor-sitemap-item elementor-sitemap-item-page page_item page-item-2369\"><a href=\"https:\/\/www.sofleet.eu\/es\/tus-necesidades-2\/trazabilidad\/\">Trazabilidad<\/a><\/li><li class=\"elementor-sitemap-item elementor-sitemap-item-page page_item page-item-2367\"><a href=\"https:\/\/www.sofleet.eu\/es\/tus-necesidades-2\/identificacion-del-conductor\/\">Identificaci\u00f3n del conductor<\/a><\/li><li class=\"elementor-sitemap-item elementor-sitemap-item-page page_item page-item-2365\"><a href=\"https:\/\/www.sofleet.eu\/es\/tus-necesidades-2\/conduccion-ecologica\/\">Conducci\u00f3n ecol\u00f3gica<\/a><\/li><li class=\"elementor-sitemap-item elementor-sitemap-item-page page_item page-item-2363\"><a href=\"https:\/\/www.sofleet.eu\/es\/tus-necesidades-2\/riesgos-de-la-carretera\/\">Riesgos viales<\/a><\/li><li class=\"elementor-sitemap-item elementor-sitemap-item-page page_item page-item-2361\"><a href=\"https:\/\/www.sofleet.eu\/es\/tus-necesidades-2\/optimizacion-del-tco\/\">Optimizaci\u00f3n del TCO<\/a><\/li><li class=\"elementor-sitemap-item elementor-sitemap-item-page page_item page-item-2359\"><a href=\"https:\/\/www.sofleet.eu\/es\/tus-necesidades-2\/geolocalizacion-2\/\">Geolocalizaci\u00f3n<\/a><\/li><li class=\"elementor-sitemap-item elementor-sitemap-item-page page_item page-item-2357\"><a href=\"https:\/\/www.sofleet.eu\/es\/tus-necesidades-2\/gestion-de-flotas\/\">Gesti\u00f3n de flotas<\/a><\/li><\/ul><\/li><li class=\"elementor-sitemap-item elementor-sitemap-item-page page_item page-item-25\"><a href=\"https:\/\/www.sofleet.eu\/es\/sus-vehiculos\/\">Sus veh\u00edculos<\/a><ul class='children'><li class=\"elementor-sitemap-item elementor-sitemap-item-page page_item page-item-3187\"><a href=\"https:\/\/www.sofleet.eu\/es\/sus-vehiculos\/dos-ruedas-y-tres-ruedas\/\">Dos ruedas y tres ruedas.<\/a><\/li><li class=\"elementor-sitemap-item elementor-sitemap-item-page page_item page-item-3173\"><a href=\"https:\/\/www.sofleet.eu\/es\/sus-vehiculos\/vehiculos-pesados-2\/\">Veh\u00edculos pesados<\/a><\/li><li class=\"elementor-sitemap-item elementor-sitemap-item-page page_item page-item-3181\"><a href=\"https:\/\/www.sofleet.eu\/es\/sus-vehiculos\/maquinaria-de-construccion\/\">Maquinaria de construcci\u00f3n<\/a><\/li><li class=\"elementor-sitemap-item elementor-sitemap-item-page page_item page-item-2682\"><a href=\"https:\/\/www.sofleet.eu\/es\/sus-vehiculos\/muy-vulnerable-2\/\">VL\/VUL<\/a><\/li><\/ul><\/li><li class=\"elementor-sitemap-item elementor-sitemap-item-page page_item page-item-23\"><a href=\"https:\/\/www.sofleet.eu\/es\/la-plataforma-2\/\">Su plataforma 360 de gesti\u00f3n de flotas<\/a><ul class='children'><li class=\"elementor-sitemap-item elementor-sitemap-item-page page_item page-item-6164\"><a href=\"https:\/\/www.sofleet.eu\/es\/la-plataforma-2\/aplicacion-de-gestion-de-flotas\/\">Aplicaci\u00f3n de gesti\u00f3n de flotas<\/a><\/li><\/ul><\/li><\/ul><\/div><div class=\"elementor-sitemap-section\"><h2 class=\"elementor-sitemap-title elementor-sitemap-category-title\">Categor\u00edas<\/h2><ul class=\"elementor-sitemap-list elementor-sitemap-category-list\">\t<li class=\"elementor-sitemap-item elementor-sitemap-item-category cat-item cat-item-28\"><a href=\"https:\/\/www.sofleet.eu\/es\/category\/trazabilidad\/\">Trazabilidad<\/a>\n<\/li>\n\t<li class=\"elementor-sitemap-item elementor-sitemap-item-category cat-item cat-item-24\"><a href=\"https:\/\/www.sofleet.eu\/es\/category\/telematica\/\">Telem\u00e1tica<\/a>\n<\/li>\n\t<li class=\"elementor-sitemap-item elementor-sitemap-item-category cat-item cat-item-27\"><a href=\"https:\/\/www.sofleet.eu\/es\/category\/vehiculos-pesados\/\">Veh\u00edculos pesados<\/a>\n<\/li>\n\t<li class=\"elementor-sitemap-item elementor-sitemap-item-category cat-item cat-item-29\"><a href=\"https:\/\/www.sofleet.eu\/es\/category\/movilidad-suave\/\">Movilidad suave<\/a>\n<\/li>\n\t<li class=\"elementor-sitemap-item elementor-sitemap-item-category cat-item cat-item-23\"><a href=\"https:\/\/www.sofleet.eu\/es\/category\/gestion-de-flotas\/\">Gesti\u00f3n de flotas<\/a>\n<\/li>\n\t<li class=\"elementor-sitemap-item elementor-sitemap-item-category cat-item cat-item-25\"><a href=\"https:\/\/www.sofleet.eu\/es\/category\/geolocalizacion-2\/\">Geolocalizaci\u00f3n<\/a>\n<\/li>\n\t<li class=\"elementor-sitemap-item elementor-sitemap-item-category cat-item cat-item-30\"><a href=\"https:\/\/www.sofleet.eu\/es\/category\/electrificacion\/\">Electrificaci\u00f3n<\/a>\n<\/li>\n\t<li class=\"elementor-sitemap-item elementor-sitemap-item-category cat-item cat-item-26\"><a href=\"https:\/\/www.sofleet.eu\/es\/category\/conduccion-ecologica\/\">Conducci\u00f3n ecol\u00f3gica<\/a>\n<\/li>\n\t<li class=\"elementor-sitemap-item elementor-sitemap-item-category cat-item cat-item-5\"><a href=\"https:\/\/www.sofleet.eu\/es\/category\/noticias\/\">Noticias<\/a>\n<\/li>\n<\/ul><\/div><\/div>\t\t\t\t<\/div>\n\t\t\t\t<\/div>\n\t\t\t\t\t<\/div>\n\t\t\t\t<\/div>\n\t\t\t\t<\/div>","protected":false},"excerpt":{"rendered":"","protected":false},"author":1,"featured_media":0,"parent":0,"menu_order":0,"comment_status":"closed","ping_status":"closed","template":"","meta":{"_acf_changed":false,"_eb_attr":"","footnotes":""},"class_list":["post-1698","page","type-page","status-publish","hentry"],"acf":[],"yoast_head":"<!-- This site is optimized with the Yoast SEO plugin v23.1 - https:\/\/yoast.com\/wordpress\/plugins\/seo\/ -->\n<title>Plan du site - SoFLEET<\/title>\n<meta name=\"robots\" content=\"index, follow, max-snippet:-1, max-image-preview:large, max-video-preview:-1\" \/>\n<link rel=\"canonical\" href=\"https:\/\/www.sofleet.eu\/es\/mapa-del-sitio\/\" \/>\n<meta property=\"og:locale\" content=\"es_ES\" \/>\n<meta property=\"og:type\" content=\"article\" \/>\n<meta property=\"og:title\" content=\"Plan du site - SoFLEET\" \/>\n<meta property=\"og:url\" content=\"https:\/\/www.sofleet.eu\/es\/mapa-del-sitio\/\" \/>\n<meta property=\"og:site_name\" content=\"SoFLEET\" \/>\n<meta property=\"article:modified_time\" content=\"2024-07-29T06:18:55+00:00\" \/>\n<meta name=\"twitter:card\" content=\"summary_large_image\" \/>\n<meta name=\"twitter:label1\" content=\"Tiempo de lectura\" \/>\n\t<meta name=\"twitter:data1\" content=\"1 minuto\" \/>\n<script type=\"application\/ld+json\" class=\"yoast-schema-graph\">{\"@context\":\"https:\/\/schema.org\",\"@graph\":[{\"@type\":\"WebPage\",\"@id\":\"https:\/\/www.sofleet.eu\/plan-du-site\/\",\"url\":\"https:\/\/www.sofleet.eu\/plan-du-site\/\",\"name\":\"Plan du site - SoFLEET\",\"isPartOf\":{\"@id\":\"https:\/\/www.sofleet.eu\/#website\"},\"datePublished\":\"2024-07-29T06:17:38+00:00\",\"dateModified\":\"2024-07-29T06:18:55+00:00\",\"breadcrumb\":{\"@id\":\"https:\/\/www.sofleet.eu\/plan-du-site\/#breadcrumb\"},\"inLanguage\":\"es\",\"potentialAction\":[{\"@type\":\"ReadAction\",\"target\":[\"https:\/\/www.sofleet.eu\/plan-du-site\/\"]}]},{\"@type\":\"BreadcrumbList\",\"@id\":\"https:\/\/www.sofleet.eu\/plan-du-site\/#breadcrumb\",\"itemListElement\":[{\"@type\":\"ListItem\",\"position\":1,\"name\":\"Accueil\",\"item\":\"https:\/\/www.sofleet.eu\/\"},{\"@type\":\"ListItem\",\"position\":2,\"name\":\"Plan du site\"}]},{\"@type\":\"WebSite\",\"@id\":\"https:\/\/www.sofleet.eu\/#website\",\"url\":\"https:\/\/www.sofleet.eu\/\",\"name\":\"SoFLEET\",\"description\":\"\u00c9coconduite &amp; gestion de flotte automobile\",\"publisher\":{\"@id\":\"https:\/\/www.sofleet.eu\/#organization\"},\"potentialAction\":[{\"@type\":\"SearchAction\",\"target\":{\"@type\":\"EntryPoint\",\"urlTemplate\":\"https:\/\/www.sofleet.eu\/?s={search_term_string}\"},\"query-input\":\"required name=search_term_string\"}],\"inLanguage\":\"es\"},{\"@type\":\"Organization\",\"@id\":\"https:\/\/www.sofleet.eu\/#organization\",\"name\":\"SoFLEET\",\"url\":\"https:\/\/www.sofleet.eu\/\",\"logo\":{\"@type\":\"ImageObject\",\"inLanguage\":\"es\",\"@id\":\"https:\/\/www.sofleet.eu\/#\/schema\/logo\/image\/\",\"url\":\"https:\/\/www.sofleet.eu\/wp-content\/uploads\/2024\/06\/so-fleet-wpcf_453x200.png\",\"contentUrl\":\"https:\/\/www.sofleet.eu\/wp-content\/uploads\/2024\/06\/so-fleet-wpcf_453x200.png\",\"width\":453,\"height\":200,\"caption\":\"SoFLEET\"},\"image\":{\"@id\":\"https:\/\/www.sofleet.eu\/#\/schema\/logo\/image\/\"}}]}<\/script>\n<!-- \/ Yoast SEO plugin. -->","yoast_head_json":{"title":"Mapa del sitio - SoFLEET","robots":{"index":"index","follow":"follow","max-snippet":"max-snippet:-1","max-image-preview":"max-image-preview:large","max-video-preview":"max-video-preview:-1"},"canonical":"https:\/\/www.sofleet.eu\/es\/mapa-del-sitio\/","og_locale":"es_ES","og_type":"article","og_title":"Plan du site - SoFLEET","og_url":"https:\/\/www.sofleet.eu\/es\/mapa-del-sitio\/","og_site_name":"SoFLEET","article_modified_time":"2024-07-29T06:18:55+00:00","twitter_card":"summary_large_image","twitter_misc":{"Tiempo de lectura":"1 minuto"},"schema":{"@context":"https:\/\/schema.org","@graph":[{"@type":"WebPage","@id":"https:\/\/www.sofleet.eu\/plan-du-site\/","url":"https:\/\/www.sofleet.eu\/plan-du-site\/","name":"Mapa del sitio - SoFLEET","isPartOf":{"@id":"https:\/\/www.sofleet.eu\/#website"},"datePublished":"2024-07-29T06:17:38+00:00","dateModified":"2024-07-29T06:18:55+00:00","breadcrumb":{"@id":"https:\/\/www.sofleet.eu\/plan-du-site\/#breadcrumb"},"inLanguage":"es","potentialAction":[{"@type":"ReadAction","target":["https:\/\/www.sofleet.eu\/plan-du-site\/"]}]},{"@type":"BreadcrumbList","@id":"https:\/\/www.sofleet.eu\/plan-du-site\/#breadcrumb","itemListElement":[{"@type":"ListItem","position":1,"name":"Accueil","item":"https:\/\/www.sofleet.eu\/"},{"@type":"ListItem","position":2,"name":"Plan du site"}]},{"@type":"WebSite","@id":"https:\/\/www.sofleet.eu\/#website","url":"https:\/\/www.sofleet.eu\/","name":"SoFLOTA","description":"Conducci\u00f3n ecol\u00f3gica y gesti\u00f3n de flotas","publisher":{"@id":"https:\/\/www.sofleet.eu\/#organization"},"potentialAction":[{"@type":"SearchAction","target":{"@type":"EntryPoint","urlTemplate":"https:\/\/www.sofleet.eu\/?s={search_term_string}"},"query-input":"required name=search_term_string"}],"inLanguage":"es"},{"@type":"Organization","@id":"https:\/\/www.sofleet.eu\/#organization","name":"SoFLOTA","url":"https:\/\/www.sofleet.eu\/","logo":{"@type":"ImageObject","inLanguage":"es","@id":"https:\/\/www.sofleet.eu\/#\/schema\/logo\/image\/","url":"https:\/\/www.sofleet.eu\/wp-content\/uploads\/2024\/06\/so-fleet-wpcf_453x200.png","contentUrl":"https:\/\/www.sofleet.eu\/wp-content\/uploads\/2024\/06\/so-fleet-wpcf_453x200.png","width":453,"height":200,"caption":"SoFLEET"},"image":{"@id":"https:\/\/www.sofleet.eu\/#\/schema\/logo\/image\/"}}]}},"_links":{"self":[{"href":"https:\/\/www.sofleet.eu\/es\/wp-json\/wp\/v2\/pages\/1698","targetHints":{"allow":["GET"]}}],"collection":[{"href":"https:\/\/www.sofleet.eu\/es\/wp-json\/wp\/v2\/pages"}],"about":[{"href":"https:\/\/www.sofleet.eu\/es\/wp-json\/wp\/v2\/types\/page"}],"author":[{"embeddable":true,"href":"https:\/\/www.sofleet.eu\/es\/wp-json\/wp\/v2\/users\/1"}],"replies":[{"embeddable":true,"href":"https:\/\/www.sofleet.eu\/es\/wp-json\/wp\/v2\/comments?post=1698"}],"version-history":[{"count":0,"href":"https:\/\/www.sofleet.eu\/es\/wp-json\/wp\/v2\/pages\/1698\/revisions"}],"wp:attachment":[{"href":"https:\/\/www.sofleet.eu\/es\/wp-json\/wp\/v2\/media?parent=1698"}],"curies":[{"name":"gracias","href":"https:\/\/api.w.org\/{rel}","templated":true}]}}