{"id":3423,"date":"2024-11-06T17:16:58","date_gmt":"2024-11-07T03:16:58","guid":{"rendered":"https:\/\/www.sofleet.eu\/?page_id=3423"},"modified":"2025-01-17T00:00:03","modified_gmt":"2025-01-17T10:00:03","slug":"temoignages-clients","status":"publish","type":"page","link":"https:\/\/www.sofleet.eu\/es\/testimonios-de-clientes\/","title":{"rendered":"Testimonios de clientes"},"content":{"rendered":"","protected":false},"excerpt":{"rendered":"","protected":false},"author":1,"featured_media":0,"parent":0,"menu_order":0,"comment_status":"closed","ping_status":"closed","template":"","meta":{"_acf_changed":false,"_eb_attr":"","footnotes":""},"class_list":["post-3423","page","type-page","status-publish","hentry"],"acf":[],"yoast_head":"<!-- This site is optimized with the Yoast SEO plugin v23.1 - https:\/\/yoast.com\/wordpress\/plugins\/seo\/ -->\n<title>Avis clients : la solution gestion de flotte automobile SoFLEET<\/title>\n<meta name=\"description\" content=\"Parcourez les retours d&#039;exp\u00e9rience des clients qui utilisent la solution de gestion de flotte automobile SoFLEET.\" \/>\n<meta name=\"robots\" content=\"index, follow, max-snippet:-1, max-image-preview:large, max-video-preview:-1\" \/>\n<link rel=\"canonical\" href=\"https:\/\/www.sofleet.eu\/es\/testimonios-de-clientes\/\" \/>\n<meta property=\"og:locale\" content=\"es_ES\" \/>\n<meta property=\"og:type\" content=\"article\" \/>\n<meta property=\"og:title\" content=\"Avis clients : la solution gestion de flotte automobile SoFLEET\" \/>\n<meta property=\"og:description\" content=\"Parcourez les retours d&#039;exp\u00e9rience des clients qui utilisent la solution de gestion de flotte automobile SoFLEET.\" \/>\n<meta property=\"og:url\" content=\"https:\/\/www.sofleet.eu\/es\/testimonios-de-clientes\/\" \/>\n<meta property=\"og:site_name\" content=\"SoFLEET\" \/>\n<meta property=\"article:modified_time\" content=\"2025-01-17T10:00:03+00:00\" \/>\n<meta name=\"twitter:card\" content=\"summary_large_image\" \/>\n<script type=\"application\/ld+json\" class=\"yoast-schema-graph\">{\"@context\":\"https:\/\/schema.org\",\"@graph\":[{\"@type\":\"WebPage\",\"@id\":\"https:\/\/www.sofleet.eu\/temoignages-clients\/\",\"url\":\"https:\/\/www.sofleet.eu\/temoignages-clients\/\",\"name\":\"Avis clients : la solution gestion de flotte automobile SoFLEET\",\"isPartOf\":{\"@id\":\"https:\/\/www.sofleet.eu\/#website\"},\"datePublished\":\"2024-11-07T03:16:58+00:00\",\"dateModified\":\"2025-01-17T10:00:03+00:00\",\"description\":\"Parcourez les retours d'exp\u00e9rience des clients qui utilisent la solution de gestion de flotte automobile SoFLEET.\",\"breadcrumb\":{\"@id\":\"https:\/\/www.sofleet.eu\/temoignages-clients\/#breadcrumb\"},\"inLanguage\":\"es\",\"potentialAction\":[{\"@type\":\"ReadAction\",\"target\":[\"https:\/\/www.sofleet.eu\/temoignages-clients\/\"]}]},{\"@type\":\"BreadcrumbList\",\"@id\":\"https:\/\/www.sofleet.eu\/temoignages-clients\/#breadcrumb\",\"itemListElement\":[{\"@type\":\"ListItem\",\"position\":1,\"name\":\"Accueil\",\"item\":\"https:\/\/www.sofleet.eu\/\"},{\"@type\":\"ListItem\",\"position\":2,\"name\":\"T\u00e9moignages clients\"}]},{\"@type\":\"WebSite\",\"@id\":\"https:\/\/www.sofleet.eu\/#website\",\"url\":\"https:\/\/www.sofleet.eu\/\",\"name\":\"SoFLEET\",\"description\":\"\u00c9coconduite &amp; gestion de flotte automobile\",\"publisher\":{\"@id\":\"https:\/\/www.sofleet.eu\/#organization\"},\"potentialAction\":[{\"@type\":\"SearchAction\",\"target\":{\"@type\":\"EntryPoint\",\"urlTemplate\":\"https:\/\/www.sofleet.eu\/?s={search_term_string}\"},\"query-input\":\"required name=search_term_string\"}],\"inLanguage\":\"es\"},{\"@type\":\"Organization\",\"@id\":\"https:\/\/www.sofleet.eu\/#organization\",\"name\":\"SoFLEET\",\"url\":\"https:\/\/www.sofleet.eu\/\",\"logo\":{\"@type\":\"ImageObject\",\"inLanguage\":\"es\",\"@id\":\"https:\/\/www.sofleet.eu\/#\/schema\/logo\/image\/\",\"url\":\"https:\/\/www.sofleet.eu\/wp-content\/uploads\/2024\/06\/so-fleet-wpcf_453x200.png\",\"contentUrl\":\"https:\/\/www.sofleet.eu\/wp-content\/uploads\/2024\/06\/so-fleet-wpcf_453x200.png\",\"width\":453,\"height\":200,\"caption\":\"SoFLEET\"},\"image\":{\"@id\":\"https:\/\/www.sofleet.eu\/#\/schema\/logo\/image\/\"}}]}<\/script>\n<!-- \/ Yoast SEO plugin. -->","yoast_head_json":{"title":"Opiniones de clientes: la soluci\u00f3n de gesti\u00f3n de flotas SoFLEET","description":"Lea los comentarios de los clientes sobre la soluci\u00f3n de gesti\u00f3n de flotas de SoFLEET.","robots":{"index":"index","follow":"follow","max-snippet":"max-snippet:-1","max-image-preview":"max-image-preview:large","max-video-preview":"max-video-preview:-1"},"canonical":"https:\/\/www.sofleet.eu\/es\/testimonios-de-clientes\/","og_locale":"es_ES","og_type":"article","og_title":"Avis clients : la solution gestion de flotte automobile SoFLEET","og_description":"Parcourez les retours d'exp\u00e9rience des clients qui utilisent la solution de gestion de flotte automobile SoFLEET.","og_url":"https:\/\/www.sofleet.eu\/es\/testimonios-de-clientes\/","og_site_name":"SoFLEET","article_modified_time":"2025-01-17T10:00:03+00:00","twitter_card":"summary_large_image","schema":{"@context":"https:\/\/schema.org","@graph":[{"@type":"WebPage","@id":"https:\/\/www.sofleet.eu\/temoignages-clients\/","url":"https:\/\/www.sofleet.eu\/temoignages-clients\/","name":"Opiniones de clientes: la soluci\u00f3n de gesti\u00f3n de flotas SoFLEET","isPartOf":{"@id":"https:\/\/www.sofleet.eu\/#website"},"datePublished":"2024-11-07T03:16:58+00:00","dateModified":"2025-01-17T10:00:03+00:00","description":"Lea los comentarios de los clientes sobre la soluci\u00f3n de gesti\u00f3n de flotas de SoFLEET.","breadcrumb":{"@id":"https:\/\/www.sofleet.eu\/temoignages-clients\/#breadcrumb"},"inLanguage":"es","potentialAction":[{"@type":"ReadAction","target":["https:\/\/www.sofleet.eu\/temoignages-clients\/"]}]},{"@type":"BreadcrumbList","@id":"https:\/\/www.sofleet.eu\/temoignages-clients\/#breadcrumb","itemListElement":[{"@type":"ListItem","position":1,"name":"Accueil","item":"https:\/\/www.sofleet.eu\/"},{"@type":"ListItem","position":2,"name":"T\u00e9moignages clients"}]},{"@type":"WebSite","@id":"https:\/\/www.sofleet.eu\/#website","url":"https:\/\/www.sofleet.eu\/","name":"SoFLOTA","description":"Conducci\u00f3n ecol\u00f3gica y gesti\u00f3n de flotas","publisher":{"@id":"https:\/\/www.sofleet.eu\/#organization"},"potentialAction":[{"@type":"SearchAction","target":{"@type":"EntryPoint","urlTemplate":"https:\/\/www.sofleet.eu\/?s={search_term_string}"},"query-input":"required name=search_term_string"}],"inLanguage":"es"},{"@type":"Organization","@id":"https:\/\/www.sofleet.eu\/#organization","name":"SoFLOTA","url":"https:\/\/www.sofleet.eu\/","logo":{"@type":"ImageObject","inLanguage":"es","@id":"https:\/\/www.sofleet.eu\/#\/schema\/logo\/image\/","url":"https:\/\/www.sofleet.eu\/wp-content\/uploads\/2024\/06\/so-fleet-wpcf_453x200.png","contentUrl":"https:\/\/www.sofleet.eu\/wp-content\/uploads\/2024\/06\/so-fleet-wpcf_453x200.png","width":453,"height":200,"caption":"SoFLEET"},"image":{"@id":"https:\/\/www.sofleet.eu\/#\/schema\/logo\/image\/"}}]}},"_links":{"self":[{"href":"https:\/\/www.sofleet.eu\/es\/wp-json\/wp\/v2\/pages\/3423","targetHints":{"allow":["GET"]}}],"collection":[{"href":"https:\/\/www.sofleet.eu\/es\/wp-json\/wp\/v2\/pages"}],"about":[{"href":"https:\/\/www.sofleet.eu\/es\/wp-json\/wp\/v2\/types\/page"}],"author":[{"embeddable":true,"href":"https:\/\/www.sofleet.eu\/es\/wp-json\/wp\/v2\/users\/1"}],"replies":[{"embeddable":true,"href":"https:\/\/www.sofleet.eu\/es\/wp-json\/wp\/v2\/comments?post=3423"}],"version-history":[{"count":0,"href":"https:\/\/www.sofleet.eu\/es\/wp-json\/wp\/v2\/pages\/3423\/revisions"}],"wp:attachment":[{"href":"https:\/\/www.sofleet.eu\/es\/wp-json\/wp\/v2\/media?parent=3423"}],"curies":[{"name":"gracias","href":"https:\/\/api.w.org\/{rel}","templated":true}]}}