{"id":1691,"date":"2024-07-28T20:11:13","date_gmt":"2024-07-29T06:11:13","guid":{"rendered":"https:\/\/prod.sofleet.io\/declaration-de-confidentialite-ue\/"},"modified":"2025-08-12T11:57:48","modified_gmt":"2025-08-12T21:57:48","slug":"declaration-de-confidentialite-ue","status":"publish","type":"page","link":"https:\/\/www.sofleet.eu\/it\/informativa-sulla-privacy-dellue\/","title":{"rendered":"Informativa sulla privacy (UE)"},"content":{"rendered":"<div data-elementor-type=\"wp-page\" data-elementor-id=\"1691\" class=\"elementor elementor-1691\" data-elementor-post-type=\"page\">\n\t\t\t\t<div data-particle_enable=\"false\" data-particle-mobile-disabled=\"false\" class=\"elementor-element elementor-element-6220b3c7 e-flex e-con-boxed e-con e-parent\" data-id=\"6220b3c7\" data-element_type=\"container\" data-settings=\"{&quot;_ha_eqh_enable&quot;:false}\">\n\t\t\t\t\t<div class=\"e-con-inner\">\n\t\t\t\t<div class=\"elementor-element elementor-element-4d034866 elementor-widget elementor-widget-shortcode\" data-id=\"4d034866\" data-element_type=\"widget\" data-widget_type=\"shortcode.default\">\n\t\t\t\t<div class=\"elementor-widget-container\">\n\t\t\t\t\t\t\t<div class=\"elementor-shortcode\">\n<!-- Legal document generated by Complianz | GDPR\/CCPA Cookie Consent https:\/\/wordpress.org\/plugins\/complianz-gdpr -->\n<div id=\"cmplz-document\" class=\"cmplz-document privacy-statement cmplz-document-eu\"><p><i>La presente informativa sulla privacy sar\u00e0 completata il 5 marzo 2026 e, se applicabile, alle citt\u00e0 e ai residenti legali permanenti dell&#039;Unione economica e commerciale europea.<\/i><br \/><br \/><\/p><p><p>Quando si tratta della tua privacy, dovresti prestare attenzione al fatto di avervi accesso <a href=\"https:\/\/www.sofleet.eu\/it\">https:\/\/www.sofleet.eu\/it<\/a>. Tieni presente che dovresti tentare con leggerezza la dicharazione. Durante l&#039;elaborazione dei requisiti della normativa sulla privacy. Questo \u00e8 ci\u00f2 che significa, questo \u00e8 ci\u00f2 che significa:<\/p><ul>\n                <li>Comunicare la motivazione per il proprio processo personale. Il fatto \u00e8 che questo \u00e8 il caso per il quale viene divulgata la privacy;<\/li>\n                <li>Voglio limitare la raccolta dei tuoi dati personali solo se i tuoi dati personali sono ricchi di legalit\u00e0;<\/li>\n                <li>innanzitutto \u00e8 il tuo consenso esplicito al trattamento dei tuoi dati personali e non richiede il tuo consenso;<\/li>\n                <li>Adottiamo misure de sicurezza adeguate per proteggere i tuoi dati personali e i pi\u00f9 facoltosi diamo anche del soggetto che elaborano personali per nostro conto;<\/li>\n                <li>Tieni presente che hai accesso ai tuoi dati personali oppure li hai corretti o cancellati, se sei ricco.<\/li>\n            <\/ul><p>Se vuoi sapere dove ti trovi, contattaci.<\/p><\/p><h2>1. Scopo, date e periodo di conservazione<\/h2>Puoi aggiornare o ricevere informazioni personali per una serie di messaggi che accompagnano tutte le nostre operazioni commerciali che puoi includere in qualsiasi sequenza: (clicca qui)<details class=\"cmplz-dropdown dropdown-privacy-statement\"><summary><div><h3>1.1 Contatti - Telefono, posta, email e\/o moduli web<\/h3><\/div><\/summary><p class=\"cmplz-subtitle\">A questo scopo utilizziamo i seguenti dati:<\/p><p><ul><li>Un nome e cognome<\/li><li>Un indirizzo email<\/li><li>Un numero di telefono<\/li><li>IndirizzoIP<\/li><\/ul><\/p><p class=\"cmplz-subtitle\">La base del quale processiamo i dati \u00e8:<\/p><p><a target=\"_blank\" rel=\"noopener noreferrer nofollow\" href=\"https:\/\/cookiedatabase.org\/legal-bases\/#consent\">Su disposizione del consenso.<\/a><\/p><p class=\"cmplz-subtitle\">Periodo di conservazione<\/p><p>Determinare il periodo di conservazione in base all&#039;ultimo criterio: 1 anno<\/p><\/details><h2>2. Biscotto<\/h2><p>Il nostro sito web utilizza i cookie. Per ulteriori informazioni sui cookie non esitate a contattarci <a href=\"https:\/\/www.sofleet.eu\/it\/politica-sui-cookie-dellue\/\">Politica sui cookie<\/a>.&nbsp;<\/p><h2>3. Pratica di divulgazione<\/h2><p><p>Comunicare i dati personali se si ricevono informazioni dalla legge o da un ordine del tribunale, in risposta a un&#039;autorit\u00e0 incaricata dell&#039;applicazione della legge, se si acconsente ad altre disposizioni della legge, per fornire informazioni o per chiedere informazioni su una questione correlata al pubblico sicurezza.<\/p><p>Se il nostro sito web o la nostra organizzazione vengono venduti, ceduti o acquistati nell&#039;ambito di una fusione o acquisizione, ci verranno comunicati per consultazione ed eventuale acquisizione e verranno trasferiti a nuovi proprietari.<\/p><\/p><h2>4. Sicurezza<\/h2><p>Questo \u00e8 impegniamoci per la sicurezza dei dati personali. Si prega di adottare le opportune precauzioni per limitare gli abusi e l&#039;accesso non autorizzato ai dati personali. Ci\u00f2 garantisce che solo la persona di cui hai bisogno abbia accesso ai tuoi dati, l&#039;accesso ha dati se sono protetti e che le nostre misure sono sicure anche se hai il diritto di restare.<\/p><h2>5. Sito web di terzi<\/h2><p>La presente informativa sulla privacy non si applica al nostro sito Web sul collegamento di terze parti al nostro sito Web. Non puoi garantire che questa terza parte verr\u00e0 registrata con i tuoi dati personali in modo affidabile e sicuro. Si prega di notare che la privacy di questo sito Web \u00e8 l&#039;utente principale.<\/p><h2>6. Modifica la tua politica sulla privacy<\/h2><p>Ti ricordiamo che le istruzioni per il contributo sono state modificate per presentare un&#039;informativa sulla tua privacy. Se hai consultato correttamente questa informativa sulla tua privacy, potresti essere a conoscenza di possibili modifiche. Vi preghiamo di informarci attivamente sulla possibilit\u00e0.<\/p><h2>7. Accesso e modifica dei tuoi dati<\/h2><p>Se vuoi sapere dove ti trovi, contattaci. Puoi contattarci utilizzando le informazioni fornite di seguito. Hai i seguenti diritti:<\/p><ul>\n                <li>Tuttavia, sar\u00e0 necessario farlo quando i tuoi dati personali saranno necessari, per tutto il tempo necessario alla loro conservazione.<\/li>\n                <li>Istruzioni per l&#039;accesso: Tieni presente che hai avuto accesso ai tuoi dati personali della stessa qualit\u00e0 di cui hai bisogno di sapere.<\/li>\n                <li>Indicazioni per le modifiche: Potrai scegliere di completare, correggere, cancellare o bloccare i tuoi dati personali quando lo desideri.<\/li>\n                <li>Se richiedete qualsiasi problema relativo all&#039;accessibilit\u00e0 del sito web, non esitate a contattarci.<\/li>\n                <li>Istruzioni per il trasferimento dei tuoi dati: tutti i trasferimenti al tuo titolare del trattamento e tutti i trasferimenti a un altro titolare del trattamento.<\/li>\n                <li>Direzioni di omaggio: La direzione di omaggio \u00e8 invertita durante il processo del tuo appuntamento. Tuttavia, questo non \u00e8 il caso, ma non \u00e8 valido per il processo.<\/li>\n            <\/ul><p>Assicurati di segnalare sempre in modo chiaro chi sei, cos\u00ec da essere certi di non cancellare o modificare i dati di una persona sbagliata.<\/p><h2>8. Invito per una richiesta<\/h2><p>Se non sai cosa fare (una lamenta su) nel trattamento dei tuoi dati personali, \u00e8 necessario inviare una richiesta di garanzia per la protezione dei tuoi dati personali.<\/p><h2>9. Dettagli di contatto<\/h2><p>SINOSO SAS<br \/>\n        100 rue Aglaonice de Thessalie, 34170, Castelneau-le-Lez<br \/>\n        Francia<br \/>\n        Sito web: <a href=\"https:\/\/www.sofleet.eu\/it\">https:\/\/www.sofleet.eu\/it<\/a> <br \/>\n        E-mail: <span class=\"cmplz-obfuscate\">contatto@<span class=\"cmplz-fmail-domain\">ex.com<\/span>sofleet.eu<\/span> <br \/>\n        Numero di telefono: 04 30 00 19 10<\/p><\/div><\/div>\n\t\t\t\t\t\t<\/div>\n\t\t\t\t<\/div>\n\t\t\t\t\t<\/div>\n\t\t\t\t<\/div>\n\t\t\t\t<\/div>","protected":false},"excerpt":{"rendered":"","protected":false},"author":1,"featured_media":0,"parent":0,"menu_order":0,"comment_status":"closed","ping_status":"closed","template":"","meta":{"_acf_changed":false,"_eb_attr":"","footnotes":""},"class_list":["post-1691","page","type-page","status-publish","hentry"],"acf":[],"yoast_head":"<!-- This site is optimized with the Yoast SEO plugin v23.1 - https:\/\/yoast.com\/wordpress\/plugins\/seo\/ -->\n<title>D\u00e9claration de confidentialit\u00e9 (UE) - SoFLEET<\/title>\n<meta name=\"robots\" content=\"index, follow, max-snippet:-1, max-image-preview:large, max-video-preview:-1\" \/>\n<link rel=\"canonical\" href=\"https:\/\/www.sofleet.eu\/it\/informativa-sulla-privacy-dellue\/\" \/>\n<meta property=\"og:locale\" content=\"it_IT\" \/>\n<meta property=\"og:type\" content=\"article\" \/>\n<meta property=\"og:title\" content=\"D\u00e9claration de confidentialit\u00e9 (UE) - SoFLEET\" \/>\n<meta property=\"og:url\" content=\"https:\/\/www.sofleet.eu\/it\/informativa-sulla-privacy-dellue\/\" \/>\n<meta property=\"og:site_name\" content=\"SoFLEET\" \/>\n<meta property=\"article:modified_time\" content=\"2025-08-12T21:57:48+00:00\" \/>\n<meta name=\"twitter:card\" content=\"summary_large_image\" \/>\n<script type=\"application\/ld+json\" class=\"yoast-schema-graph\">{\"@context\":\"https:\/\/schema.org\",\"@graph\":[{\"@type\":\"WebPage\",\"@id\":\"https:\/\/www.sofleet.eu\/declaration-de-confidentialite-ue\/\",\"url\":\"https:\/\/www.sofleet.eu\/declaration-de-confidentialite-ue\/\",\"name\":\"D\u00e9claration de confidentialit\u00e9 (UE) - SoFLEET\",\"isPartOf\":{\"@id\":\"https:\/\/www.sofleet.eu\/#website\"},\"datePublished\":\"2024-07-29T06:11:13+00:00\",\"dateModified\":\"2025-08-12T21:57:48+00:00\",\"breadcrumb\":{\"@id\":\"https:\/\/www.sofleet.eu\/declaration-de-confidentialite-ue\/#breadcrumb\"},\"inLanguage\":\"it-IT\",\"potentialAction\":[{\"@type\":\"ReadAction\",\"target\":[\"https:\/\/www.sofleet.eu\/declaration-de-confidentialite-ue\/\"]}]},{\"@type\":\"BreadcrumbList\",\"@id\":\"https:\/\/www.sofleet.eu\/declaration-de-confidentialite-ue\/#breadcrumb\",\"itemListElement\":[{\"@type\":\"ListItem\",\"position\":1,\"name\":\"Accueil\",\"item\":\"https:\/\/www.sofleet.eu\/\"},{\"@type\":\"ListItem\",\"position\":2,\"name\":\"D\u00e9claration de confidentialit\u00e9 (UE)\"}]},{\"@type\":\"WebSite\",\"@id\":\"https:\/\/www.sofleet.eu\/#website\",\"url\":\"https:\/\/www.sofleet.eu\/\",\"name\":\"SoFLEET\",\"description\":\"\u00c9coconduite &amp; gestion de flotte automobile\",\"publisher\":{\"@id\":\"https:\/\/www.sofleet.eu\/#organization\"},\"potentialAction\":[{\"@type\":\"SearchAction\",\"target\":{\"@type\":\"EntryPoint\",\"urlTemplate\":\"https:\/\/www.sofleet.eu\/?s={search_term_string}\"},\"query-input\":\"required name=search_term_string\"}],\"inLanguage\":\"it-IT\"},{\"@type\":\"Organization\",\"@id\":\"https:\/\/www.sofleet.eu\/#organization\",\"name\":\"SoFLEET\",\"url\":\"https:\/\/www.sofleet.eu\/\",\"logo\":{\"@type\":\"ImageObject\",\"inLanguage\":\"it-IT\",\"@id\":\"https:\/\/www.sofleet.eu\/#\/schema\/logo\/image\/\",\"url\":\"https:\/\/www.sofleet.eu\/wp-content\/uploads\/2024\/06\/so-fleet-wpcf_453x200.png\",\"contentUrl\":\"https:\/\/www.sofleet.eu\/wp-content\/uploads\/2024\/06\/so-fleet-wpcf_453x200.png\",\"width\":453,\"height\":200,\"caption\":\"SoFLEET\"},\"image\":{\"@id\":\"https:\/\/www.sofleet.eu\/#\/schema\/logo\/image\/\"}}]}<\/script>\n<!-- \/ Yoast SEO plugin. -->","yoast_head_json":{"title":"Informativa sulla privacy (UE) - SoFLEET","robots":{"index":"index","follow":"follow","max-snippet":"max-snippet:-1","max-image-preview":"max-image-preview:large","max-video-preview":"max-video-preview:-1"},"canonical":"https:\/\/www.sofleet.eu\/it\/informativa-sulla-privacy-dellue\/","og_locale":"it_IT","og_type":"article","og_title":"D\u00e9claration de confidentialit\u00e9 (UE) - SoFLEET","og_url":"https:\/\/www.sofleet.eu\/it\/informativa-sulla-privacy-dellue\/","og_site_name":"SoFLEET","article_modified_time":"2025-08-12T21:57:48+00:00","twitter_card":"summary_large_image","schema":{"@context":"https:\/\/schema.org","@graph":[{"@type":"WebPage","@id":"https:\/\/www.sofleet.eu\/declaration-de-confidentialite-ue\/","url":"https:\/\/www.sofleet.eu\/declaration-de-confidentialite-ue\/","name":"Informativa sulla privacy (UE) - SoFLEET","isPartOf":{"@id":"https:\/\/www.sofleet.eu\/#website"},"datePublished":"2024-07-29T06:11:13+00:00","dateModified":"2025-08-12T21:57:48+00:00","breadcrumb":{"@id":"https:\/\/www.sofleet.eu\/declaration-de-confidentialite-ue\/#breadcrumb"},"inLanguage":"it-IT","potentialAction":[{"@type":"ReadAction","target":["https:\/\/www.sofleet.eu\/declaration-de-confidentialite-ue\/"]}]},{"@type":"BreadcrumbList","@id":"https:\/\/www.sofleet.eu\/declaration-de-confidentialite-ue\/#breadcrumb","itemListElement":[{"@type":"ListItem","position":1,"name":"Accueil","item":"https:\/\/www.sofleet.eu\/"},{"@type":"ListItem","position":2,"name":"D\u00e9claration de confidentialit\u00e9 (UE)"}]},{"@type":"WebSite","@id":"https:\/\/www.sofleet.eu\/#website","url":"https:\/\/www.sofleet.eu\/","name":"SoFLEET","description":"Guida ecologica e gestione della flotta","publisher":{"@id":"https:\/\/www.sofleet.eu\/#organization"},"potentialAction":[{"@type":"SearchAction","target":{"@type":"EntryPoint","urlTemplate":"https:\/\/www.sofleet.eu\/?s={search_term_string}"},"query-input":"required name=search_term_string"}],"inLanguage":"it-IT"},{"@type":"Organization","@id":"https:\/\/www.sofleet.eu\/#organization","name":"SoFLEET","url":"https:\/\/www.sofleet.eu\/","logo":{"@type":"ImageObject","inLanguage":"it-IT","@id":"https:\/\/www.sofleet.eu\/#\/schema\/logo\/image\/","url":"https:\/\/www.sofleet.eu\/wp-content\/uploads\/2024\/06\/so-fleet-wpcf_453x200.png","contentUrl":"https:\/\/www.sofleet.eu\/wp-content\/uploads\/2024\/06\/so-fleet-wpcf_453x200.png","width":453,"height":200,"caption":"SoFLEET"},"image":{"@id":"https:\/\/www.sofleet.eu\/#\/schema\/logo\/image\/"}}]}},"_links":{"self":[{"href":"https:\/\/www.sofleet.eu\/it\/wp-json\/wp\/v2\/pages\/1691","targetHints":{"allow":["GET"]}}],"collection":[{"href":"https:\/\/www.sofleet.eu\/it\/wp-json\/wp\/v2\/pages"}],"about":[{"href":"https:\/\/www.sofleet.eu\/it\/wp-json\/wp\/v2\/types\/page"}],"author":[{"embeddable":true,"href":"https:\/\/www.sofleet.eu\/it\/wp-json\/wp\/v2\/users\/1"}],"replies":[{"embeddable":true,"href":"https:\/\/www.sofleet.eu\/it\/wp-json\/wp\/v2\/comments?post=1691"}],"version-history":[{"count":0,"href":"https:\/\/www.sofleet.eu\/it\/wp-json\/wp\/v2\/pages\/1691\/revisions"}],"wp:attachment":[{"href":"https:\/\/www.sofleet.eu\/it\/wp-json\/wp\/v2\/media?parent=1691"}],"curies":[{"name":"parola chiave","href":"https:\/\/api.w.org\/{rel}","templated":true}]}}