{"id":1359,"date":"2024-07-23T20:55:51","date_gmt":"2024-07-24T06:55:51","guid":{"rendered":"https:\/\/prod.sofleet.io\/?page_id=1359"},"modified":"2025-08-06T04:48:33","modified_gmt":"2025-08-06T14:48:33","slug":"mentions-legales","status":"publish","type":"page","link":"https:\/\/www.sofleet.eu\/nl\/wettelijke-mededelingen\/","title":{"rendered":"Juridische kennisgeving"},"content":{"rendered":"<div data-elementor-type=\"wp-page\" data-elementor-id=\"1359\" class=\"elementor elementor-1359\" data-elementor-post-type=\"page\">\n\t\t\t\t<div data-particle_enable=\"false\" data-particle-mobile-disabled=\"false\" data-dce-background-overlay-image-url=\"https:\/\/www.sofleet.eu\/wp-content\/uploads\/2024\/06\/overlay-texture.png\" class=\"elementor-element elementor-element-9bdf0dc e-flex e-con-boxed e-con e-parent\" data-id=\"9bdf0dc\" data-element_type=\"container\" data-settings=\"{&quot;background_background&quot;:&quot;classic&quot;,&quot;_ha_eqh_enable&quot;:false}\">\n\t\t\t\t\t<div class=\"e-con-inner\">\n\t\t\t\t\t<\/div>\n\t\t\t\t<\/div>\n\t\t<div data-particle_enable=\"false\" data-particle-mobile-disabled=\"false\" class=\"elementor-element elementor-element-6f6a18b0 e-flex e-con-boxed e-con e-parent\" data-id=\"6f6a18b0\" data-element_type=\"container\" data-settings=\"{&quot;_ha_eqh_enable&quot;:false}\">\n\t\t\t\t\t<div class=\"e-con-inner\">\n\t\t\t\t<div class=\"elementor-element elementor-element-1005b515 elementor-widget elementor-widget-text-editor\" data-id=\"1005b515\" data-element_type=\"widget\" data-widget_type=\"text-editor.default\">\n\t\t\t\t<div class=\"elementor-widget-container\">\n\t\t\t\t\t\t\t\t\t<h2>SITE-BEWERKEN<\/h2>\n<p><!-- \/wp:heading --><!-- wp:paragraph --><\/p>\n<p>De site sofleet.eu wordt uitgegeven door het bedrijf SAS SYNOX, met een aandelenkapitaal van \u20ac 683.310, ingeschreven in het Handels- en Vennootschapsregister van Montpellier onder nummer 811 665 181 en waarvan het hoofdkantoor is gevestigd op 100 rue Aglaonice de Thessalie, 34170, Castelnau- le-Lez \u2013 34000 MONTPELLIER \u2013 Frankrijk (intracommunautair BTW-nr. FR93 811665181) en waarvan het telefoonnummer is: 04 30 00 19 10.<\/p>\n<p>Als uitzondering op het bovenstaande wordt het deel van de site dat specifiek is gewijd aan de oplossing \u201cSoFLEET by Synox\u201d gepubliceerd door het bedrijf SAS SOFLEET, met een aandelenkapitaal van \u20ac 591.000,00, ingeschreven in het Handels- en Vennootschapsregister van Montpellier onder nummer 809 130 677 en waarvan het hoofdkantoor is gevestigd op 100 rue Aglaonice de Thessalie, 34170, Castelnau-le-Lez \u2013 34000 MONTPELLIER \u2013 Frankrijk (intracommunautair BTW-nr. FR23 809130677) en waarvan het telefoonnummer is: 04 30 00 19 10.<\/p>\n<p><!-- \/wp:paragraph --><!-- wp:heading --><\/p>\n<h2>PUBLICATIEBEHEERDER<\/h2>\n<p><!-- \/wp:heading --><!-- wp:paragraph --><\/p>\n<p>De heer Emmanuel MOUTON<\/p>\n<p><!-- \/wp:paragraph --><!-- wp:heading --><\/p>\n<h2>GASTHEER<\/h2>\n<p><!-- \/wp:heading --><!-- wp:paragraph --><\/p>\n<p>De site sofleet.eu wordt gehost door het bedrijf OVH SA \u2013 2 Rue Kellermann 59100 Roubaix Frankrijk \u2013 telefoon: 09 72 10 10 07.<\/p>\n<p>De opslag van de persoonlijke gegevens van gebruikers wordt verzekerd door het bedrijf OVH SA \u2013 2 Rue Kellermann 59100 Roubaix Frankrijk.<\/p>\n<p><!-- \/wp:paragraph --><!-- wp:heading --><\/p>\n<h2>INTELLECTUEEL EIGENDOM<\/h2>\n<p><!-- \/wp:heading --><!-- wp:paragraph --><\/p>\n<p>De merken en logo&#039;s die op de site verschijnen, zijn handelsmerken die zijn geregistreerd door de bedrijven SYNOX of SOFLEET, of door derden die de rechten daarop hebben overgedragen. Elke reproductie, imitatie of gebruik, geheel of gedeeltelijk, van deze onderscheidende tekens zonder uitdrukkelijke toestemming brengt de verantwoordelijkheid van de auteur met zich mee.<\/p>\n<p>De sofleet.eu-site in zijn geheel en elk van de elementen waaruit deze afzonderlijk is samengesteld, in het bijzonder de algemene structuur, de inhoud inclusief gegevens, teksten, grafische afbeeldingen en bestanden, zijn eigendom van de SYNOX- of SOFLEET-bedrijven. Elke gehele of gedeeltelijke weergave van de site of een van de elementen ervan zonder uitdrukkelijke toestemming is verboden en zou een inbreuk vormen.<\/p>\n<p><!-- \/wp:paragraph --><!-- wp:heading --><\/p>\n<h2>GEGEVENSBESCHERMING<\/h2>\n<p><!-- \/wp:heading --><!-- wp:paragraph --><\/p>\n<p>Emmanuel MOUTON is de vertegenwoordiger van het bedrijf SAS SYNOX, met een aandelenkapitaal van \u20ac 683.310, ingeschreven in het handels- en bedrijvenregister van Montpellier onder nummer 811 665 181, en is verantwoordelijk voor de verwerking van de gegevens verzameld op de sofleet-site .eu.<\/p>\n<p>De gegevensverwerking die in het kader van de site sofleet.eu wordt uitgevoerd, is opgenomen in de lijst van verwerkingsactiviteiten van de functionaris voor gegevensbescherming van het bedrijf SYNOX, Thomas SALINAS-BROUTEE, DPO van het bedrijf Synox.<\/p>\n<p>De persoonlijke gegevens die op de SYNOX- en SoFLEET-pagina&#039;s worden verzameld, worden gedeeld tussen de twee bedrijven.<\/p>\n<p><!-- \/wp:paragraph --><!-- wp:heading --><\/p>\n<h2>Wijze van gegevensverwerking:<\/h2>\n<p><!-- \/wp:heading --><!-- wp:paragraph --><\/p>\n<p>De informatie die wordt verzameld, met name via de formulieren op de site, is noodzakelijk om op uw verzoeken te kunnen reageren en zal zonder uw uitdrukkelijke toestemming niet voor andere doeleinden worden hergebruikt.<\/p>\n<p>Wij informeren u dat tijdens uw bezoeken aan de site \u201ccookies\u201d en andere soortgelijke technologie\u00ebn kunnen worden gebruikt om het gebruik van de site te analyseren en uw ervaring te verbeteren. Het staat u vrij om bezwaar te maken, hetzij wanneer u uw toestemming verkrijgt, hetzij door uw browser voor dit doel te configureren. Via de link naar ons cookiebeleid (EU) kunt u alle verzamelde gegevens kennen.<\/p>\n<p>Toestemming wordt gegeven via de cookiebanner. Via onze cookiebeleidpagina kunt u ervoor kiezen om de verschillende soorten cookies wel of niet te accepteren.<\/p>\n<p>De bewaartermijn voor gegevens bedraagt 3 jaar vanaf het einde van de commerci\u00eble relatie of het laatste contact van de betrokkene (klant of prospect). Gegevens worden doorgaans ruim van tevoren verwijderd als deze geen nuttig doel meer dienen.<\/p>\n<p>Onze websites kunnen links naar sites van derden bevatten. Als u deze links bezoekt, verlaat u onze site en raden wij u aan het gegevensbeschermingsbeleid van elke site van derden waarnaar wij linken te lezen voordat u uw persoonlijke gegevens indient.<\/p>\n<p>In overeenstemming met de wet \u201cInformatica en Vrijheden\u201d en Verordening (EU) 2016\/679 van het Europees Parlement met betrekking tot de bescherming van personen met betrekking tot de verwerking van persoonsgegevens (\u201cAVG\u201d), profiteert u van een recht op toegang, rectificatie, portabiliteit en verwijdering van uw persoonlijke gegevens. Ook kunt u bezwaar maken tegen de verwerking van uw gegevens en ons na uw overlijden specifieke instructies sturen over het gebruik van uw persoonsgegevens.<\/p>\n<p><b>Gegevensverwerking in het kader van de aanvraagservice voor geschiktheid<\/b><\/p>\n<p>Als onderdeel van de gratis service voor het aanvragen van geschiktheid, vereist SoFLEET dat gebruikers een formulier met drie stappen invullen, met vermelding van hun contactgegevens en voertuigidentificatienummer (VIN).<\/p>\n<p>De verzamelde gegevens worden door SoFLEET uitsluitend gebruikt voor commerci\u00eble prospectie en marketingcommunicatie, in overeenstemming met de geldende wettelijke verplichtingen. Ze worden niet doorgegeven aan derden.<\/p>\n<p>Het VIN-nummer, mogelijk gevoelige gegevens, wordt maximaal drie (3) maanden na verzameling bewaard en vervolgens automatisch verwijderd. De gebruiker kan te allen tijde zijn recht op toegang, rectificatie, verzet of verwijdering uitoefenen, conform de Algemene Verordening Gegevensbescherming (AVG), door contact op te nemen met de functionaris voor gegevensbescherming via het volgende adres: contact@sofleet.eu.<\/p>\n<p><span style=\"color: #6baa39; font-family: Inter, sans-serif; font-size: 24px; font-weight: 900;\">NEEM CONTACT MET ONS OP<\/span><b><br \/><\/b><\/p>\n<p><!-- \/wp:heading --><!-- wp:paragraph --><\/p>\n<p><strong>Telefonisch<\/strong>\u00a0: +33 4 30 00 19 10 [niet-premium tariefnummer]<\/p>\n<p><!-- \/wp:paragraph --><!-- wp:paragraph --><\/p>\n<p><strong>Per e-mail<\/strong>\u00a0:<\/p>\n<p><!-- \/wp:paragraph --><!-- wp:list --><\/p>\n<ul>\n<li style=\"list-style-type: none;\">\n<ul><!-- wp:list-item --><\/ul>\n<\/li>\n<\/ul>\n<ul>\n<li style=\"list-style-type: none;\">\n<ul>\n<li style=\"font-weight: 400;\" aria-level=\"1\"><span style=\"font-weight: 400;\">SoFLEET-bedrijf: <a href=\"mailto:contact@sofleet.eu\">contact@sofleet.eu<\/a><\/span><\/li>\n<li style=\"font-weight: 400;\" aria-level=\"1\"><span style=\"font-weight: 400;\">SYNOX-bedrijf: <a href=\"mailto:contact@synox.io\">contact@synox.io<\/a><\/span><\/li>\n<li style=\"font-weight: 400;\" aria-level=\"1\"><span style=\"font-weight: 400;\">Functionaris voor gegevensbescherming: dpo@synox.io<\/span><\/li>\n<\/ul>\n<\/li>\n<\/ul>\n<p><!-- \/wp:list-item --><!-- wp:list-item --><\/p>\n<ul>\n<li style=\"list-style-type: none;\">\u00a0<\/li>\n<\/ul>\n<p><!-- \/wp:list-item --><\/p>\n<p><!-- \/wp:list --><!-- wp:paragraph --><\/p>\n<p>Of via onze <a href=\"https:\/\/www.sofleet.eu\/nl\/contact-2\/\">contactformulier<\/a><\/p>\n<p><!-- \/wp:paragraph --><!-- wp:heading --><\/p>\n<h2>WIJZIGINGEN<\/h2>\n<p><!-- \/wp:heading --><!-- wp:paragraph --><\/p>\n<p><span style=\"font-weight: 400;\">Alle informatie die op de site wordt gepubliceerd, kan aan wijzigingen onderhevig zijn. Bovendien kunnen deze juridische mededelingen zonder voorafgaande kennisgeving worden gewijzigd. Bij belangrijke wijzigingen zal er een informatiebericht op de site worden gepubliceerd.<\/span><\/p>\n<p><!-- \/wp:paragraph --><\/p>\t\t\t\t\t\t\t\t<\/div>\n\t\t\t\t<\/div>\n\t\t\t\t\t<\/div>\n\t\t\t\t<\/div>\n\t\t\t\t<\/div>","protected":false},"excerpt":{"rendered":"<p>PUBLICATIE VAN DE WEBSITE De website sofleet.eu wordt gepubliceerd door het bedrijf SAS SYNOX, met een maatschappelijk kapitaal van \u20ac 683.310, geregistreerd in het handelsregister van Montpellier onder nummer 811 665 181 en waarvan het hoofdkantoor is gevestigd te 100 rue Aglaonice de Thessalie, 34170, Castelnau-le-Lez \u2013 34000 MONTPELLIER \u2013 Frankrijk [\u2026]<\/p>","protected":false},"author":1,"featured_media":0,"parent":0,"menu_order":0,"comment_status":"closed","ping_status":"closed","template":"","meta":{"_acf_changed":false,"_eb_attr":"","footnotes":""},"class_list":["post-1359","page","type-page","status-publish","hentry"],"acf":[],"yoast_head":"<!-- This site is optimized with the Yoast SEO plugin v23.1 - https:\/\/yoast.com\/wordpress\/plugins\/seo\/ -->\n<title>Mentions l\u00e9gales - SoFLEET<\/title>\n<meta name=\"description\" content=\"Lisez les mentions l\u00e9gales du site de SoFLEET, soci\u00e9t\u00e9 de service de t\u00e9l\u00e9matique et solution de gestion de flotte connect\u00e9e.\" \/>\n<meta name=\"robots\" content=\"noindex, nofollow\" \/>\n<meta property=\"og:locale\" content=\"nl_BE\" \/>\n<meta property=\"og:type\" content=\"article\" \/>\n<meta property=\"og:title\" content=\"Mentions l\u00e9gales - SoFLEET\" \/>\n<meta property=\"og:description\" content=\"Lisez les mentions l\u00e9gales du site de SoFLEET, soci\u00e9t\u00e9 de service de t\u00e9l\u00e9matique et solution de gestion de flotte connect\u00e9e.\" \/>\n<meta property=\"og:url\" content=\"https:\/\/www.sofleet.eu\/nl\/wettelijke-mededelingen\/\" \/>\n<meta property=\"og:site_name\" content=\"SoFLEET\" \/>\n<meta property=\"article:modified_time\" content=\"2025-08-06T14:48:33+00:00\" \/>\n<meta name=\"twitter:card\" content=\"summary_large_image\" \/>\n<meta name=\"twitter:label1\" content=\"Geschatte leestijd\" \/>\n\t<meta name=\"twitter:data1\" content=\"5 minuten\" \/>\n<script type=\"application\/ld+json\" class=\"yoast-schema-graph\">{\"@context\":\"https:\/\/schema.org\",\"@graph\":[{\"@type\":\"WebPage\",\"@id\":\"https:\/\/www.sofleet.eu\/mentions-legales\/\",\"url\":\"https:\/\/www.sofleet.eu\/mentions-legales\/\",\"name\":\"Mentions l\u00e9gales - SoFLEET\",\"isPartOf\":{\"@id\":\"https:\/\/www.sofleet.eu\/#website\"},\"datePublished\":\"2024-07-24T06:55:51+00:00\",\"dateModified\":\"2025-08-06T14:48:33+00:00\",\"description\":\"Lisez les mentions l\u00e9gales du site de SoFLEET, soci\u00e9t\u00e9 de service de t\u00e9l\u00e9matique et solution de gestion de flotte connect\u00e9e.\",\"breadcrumb\":{\"@id\":\"https:\/\/www.sofleet.eu\/mentions-legales\/#breadcrumb\"},\"inLanguage\":\"nl-BE\",\"potentialAction\":[{\"@type\":\"ReadAction\",\"target\":[\"https:\/\/www.sofleet.eu\/mentions-legales\/\"]}]},{\"@type\":\"BreadcrumbList\",\"@id\":\"https:\/\/www.sofleet.eu\/mentions-legales\/#breadcrumb\",\"itemListElement\":[{\"@type\":\"ListItem\",\"position\":1,\"name\":\"Accueil\",\"item\":\"https:\/\/www.sofleet.eu\/\"},{\"@type\":\"ListItem\",\"position\":2,\"name\":\"Mentions l\u00e9gales\"}]},{\"@type\":\"WebSite\",\"@id\":\"https:\/\/www.sofleet.eu\/#website\",\"url\":\"https:\/\/www.sofleet.eu\/\",\"name\":\"SoFLEET\",\"description\":\"\u00c9coconduite &amp; gestion de flotte automobile\",\"publisher\":{\"@id\":\"https:\/\/www.sofleet.eu\/#organization\"},\"potentialAction\":[{\"@type\":\"SearchAction\",\"target\":{\"@type\":\"EntryPoint\",\"urlTemplate\":\"https:\/\/www.sofleet.eu\/?s={search_term_string}\"},\"query-input\":\"required name=search_term_string\"}],\"inLanguage\":\"nl-BE\"},{\"@type\":\"Organization\",\"@id\":\"https:\/\/www.sofleet.eu\/#organization\",\"name\":\"SoFLEET\",\"url\":\"https:\/\/www.sofleet.eu\/\",\"logo\":{\"@type\":\"ImageObject\",\"inLanguage\":\"nl-BE\",\"@id\":\"https:\/\/www.sofleet.eu\/#\/schema\/logo\/image\/\",\"url\":\"https:\/\/www.sofleet.eu\/wp-content\/uploads\/2024\/06\/so-fleet-wpcf_453x200.png\",\"contentUrl\":\"https:\/\/www.sofleet.eu\/wp-content\/uploads\/2024\/06\/so-fleet-wpcf_453x200.png\",\"width\":453,\"height\":200,\"caption\":\"SoFLEET\"},\"image\":{\"@id\":\"https:\/\/www.sofleet.eu\/#\/schema\/logo\/image\/\"}}]}<\/script>\n<!-- \/ Yoast SEO plugin. -->","yoast_head_json":{"title":"Juridische mededelingen - SoFLEET","description":"Lees de juridische mededelingen van de website van SoFLEET, een telematicadienstverlener en oplossing voor connected wagenparkbeheer.","robots":{"index":"noindex","follow":"nofollow"},"og_locale":"nl_BE","og_type":"article","og_title":"Mentions l\u00e9gales - SoFLEET","og_description":"Lisez les mentions l\u00e9gales du site de SoFLEET, soci\u00e9t\u00e9 de service de t\u00e9l\u00e9matique et solution de gestion de flotte connect\u00e9e.","og_url":"https:\/\/www.sofleet.eu\/nl\/wettelijke-mededelingen\/","og_site_name":"SoFLEET","article_modified_time":"2025-08-06T14:48:33+00:00","twitter_card":"summary_large_image","twitter_misc":{"Geschatte leestijd":"5 minuten"},"schema":{"@context":"https:\/\/schema.org","@graph":[{"@type":"WebPage","@id":"https:\/\/www.sofleet.eu\/mentions-legales\/","url":"https:\/\/www.sofleet.eu\/mentions-legales\/","name":"Juridische mededelingen - SoFLEET","isPartOf":{"@id":"https:\/\/www.sofleet.eu\/#website"},"datePublished":"2024-07-24T06:55:51+00:00","dateModified":"2025-08-06T14:48:33+00:00","description":"Lees de juridische mededelingen van de website van SoFLEET, een telematicadienstverlener en oplossing voor connected wagenparkbeheer.","breadcrumb":{"@id":"https:\/\/www.sofleet.eu\/mentions-legales\/#breadcrumb"},"inLanguage":"nl-BE","potentialAction":[{"@type":"ReadAction","target":["https:\/\/www.sofleet.eu\/mentions-legales\/"]}]},{"@type":"BreadcrumbList","@id":"https:\/\/www.sofleet.eu\/mentions-legales\/#breadcrumb","itemListElement":[{"@type":"ListItem","position":1,"name":"Accueil","item":"https:\/\/www.sofleet.eu\/"},{"@type":"ListItem","position":2,"name":"Mentions l\u00e9gales"}]},{"@type":"WebSite","@id":"https:\/\/www.sofleet.eu\/#website","url":"https:\/\/www.sofleet.eu\/","name":"Dus FLEET","description":"Eco-rijden en wagenparkbeheer","publisher":{"@id":"https:\/\/www.sofleet.eu\/#organization"},"potentialAction":[{"@type":"SearchAction","target":{"@type":"EntryPoint","urlTemplate":"https:\/\/www.sofleet.eu\/?s={search_term_string}"},"query-input":"required name=search_term_string"}],"inLanguage":"nl-BE"},{"@type":"Organization","@id":"https:\/\/www.sofleet.eu\/#organization","name":"Dus FLEET","url":"https:\/\/www.sofleet.eu\/","logo":{"@type":"ImageObject","inLanguage":"nl-BE","@id":"https:\/\/www.sofleet.eu\/#\/schema\/logo\/image\/","url":"https:\/\/www.sofleet.eu\/wp-content\/uploads\/2024\/06\/so-fleet-wpcf_453x200.png","contentUrl":"https:\/\/www.sofleet.eu\/wp-content\/uploads\/2024\/06\/so-fleet-wpcf_453x200.png","width":453,"height":200,"caption":"SoFLEET"},"image":{"@id":"https:\/\/www.sofleet.eu\/#\/schema\/logo\/image\/"}}]}},"_links":{"self":[{"href":"https:\/\/www.sofleet.eu\/nl\/wp-json\/wp\/v2\/pages\/1359","targetHints":{"allow":["GET"]}}],"collection":[{"href":"https:\/\/www.sofleet.eu\/nl\/wp-json\/wp\/v2\/pages"}],"about":[{"href":"https:\/\/www.sofleet.eu\/nl\/wp-json\/wp\/v2\/types\/page"}],"author":[{"embeddable":true,"href":"https:\/\/www.sofleet.eu\/nl\/wp-json\/wp\/v2\/users\/1"}],"replies":[{"embeddable":true,"href":"https:\/\/www.sofleet.eu\/nl\/wp-json\/wp\/v2\/comments?post=1359"}],"version-history":[{"count":0,"href":"https:\/\/www.sofleet.eu\/nl\/wp-json\/wp\/v2\/pages\/1359\/revisions"}],"wp:attachment":[{"href":"https:\/\/www.sofleet.eu\/nl\/wp-json\/wp\/v2\/media?parent=1359"}],"curies":[{"name":"wp","href":"https:\/\/api.w.org\/{rel}","templated":true}]}}