{"id":1691,"date":"2024-07-28T20:11:13","date_gmt":"2024-07-29T06:11:13","guid":{"rendered":"https:\/\/prod.sofleet.io\/declaration-de-confidentialite-ue\/"},"modified":"2025-08-12T11:57:48","modified_gmt":"2025-08-12T21:57:48","slug":"declaration-de-confidentialite-ue","status":"publish","type":"page","link":"https:\/\/www.sofleet.eu\/pt\/declaracao-de-privacidade-da-ue\/","title":{"rendered":"Declara\u00e7\u00e3o de privacidade (UE)"},"content":{"rendered":"<div data-elementor-type=\"wp-page\" data-elementor-id=\"1691\" class=\"elementor elementor-1691\" data-elementor-post-type=\"page\">\n\t\t\t\t<div data-particle_enable=\"false\" data-particle-mobile-disabled=\"false\" class=\"elementor-element elementor-element-6220b3c7 e-flex e-con-boxed e-con e-parent\" data-id=\"6220b3c7\" data-element_type=\"container\" data-settings=\"{&quot;_ha_eqh_enable&quot;:false}\">\n\t\t\t\t\t<div class=\"e-con-inner\">\n\t\t\t\t<div class=\"elementor-element elementor-element-4d034866 elementor-widget elementor-widget-shortcode\" data-id=\"4d034866\" data-element_type=\"widget\" data-widget_type=\"shortcode.default\">\n\t\t\t\t<div class=\"elementor-widget-container\">\n\t\t\t\t\t\t\t<div class=\"elementor-shortcode\">\n<!-- Legal document generated by Complianz | GDPR\/CCPA Cookie Consent https:\/\/wordpress.org\/plugins\/complianz-gdpr -->\n<div id=\"cmplz-document\" class=\"cmplz-document privacy-statement cmplz-document-eu\"><p><i>Esta declara\u00e7\u00e3o de privacidade foi atualizada em 5 de mar\u00e7o de 2026 e aplica-se a residentes legais permanentes e cidad\u00e3os do Espa\u00e7o Econ\u00f4mico Europeu.<\/i><br \/><br \/><\/p><p><p>Esta n\u00e3o \u00e9 uma declara\u00e7\u00e3o de privacidade, explicamos o que fazemos com os nossos filhos que obtivemos se n\u00e3o tivermos conhecimento disso. <a href=\"https:\/\/www.sofleet.eu\/pt\">https:\/\/www.sofleet.eu\/pt<\/a>. Recomendamos que a tentativa seja declarada. N\u00e3o temos nenhum processamento, nem os requisitos da legisla\u00e7\u00e3o de privacidade. Isso significa, entre outras coisas, que:<\/p><ul>\n                <li>Declaramos claramente como finalidades o processo dos nossos filhos em Pessoais. Fazemos isso por meio desta declara\u00e7\u00e3o de privacidade;<\/li>\n                <li>Afirmamos que limitamos a nossa colheita de crian\u00e7as que n\u00e3o s\u00e3o crian\u00e7as \u00e0quelas crian\u00e7as que s\u00e3o necess\u00e1rias para fins leg\u00edtimos;<\/li>\n                <li>Primeiro solicitamos o nosso consentimento expresso para processar os nossos filhos quando solicitamos o nosso consentimento;<\/li>\n                <li>Tamb\u00e9m temos medidas de seguran\u00e7a adequadas para proteger os nossos filhos e as nossas exig\u00eancias v\u00eam das partes que processam os nossos filhos no nosso pa\u00eds;<\/li>\n                <li>respeitar nossas instru\u00e7\u00f5es para acessar nossos filhos, corrigi-los ou corrigi-los, a seu pedido.<\/li>\n            <\/ul><p>Se voc\u00ea tiver alguma d\u00favida ou quiser saber exatamente quais dados mantemos de si, entre em contato conosco.<\/p><\/p><h2>1. Finalidade, dados e per\u00edodo de conserva\u00e7\u00e3o<\/h2>Podemos coletar ou receber informa\u00e7\u00f5es que voc\u00ea precisa para diversos fins relacionados \u00e0s nossas opera\u00e7\u00f5es comerciais, que voc\u00ea pode incluir ou seguir: (clique para expandir)<details class=\"cmplz-dropdown dropdown-privacy-statement\"><summary><div><h3>1.1 Contacto - Servi\u00e7os telef\u00f3nicos, correspond\u00eancia, e-mail e\/ou formul\u00e1rios web<\/h3><\/div><\/summary><p class=\"cmplz-subtitle\">Portanto, usamos nossos seguintes dados:<\/p><p><ul><li>Um nome e apelido<\/li><li>Receber e-mail<\/li><li>Meu n\u00famero de telefone<\/li><li>Endereco IP<\/li><\/ul><\/p><p class=\"cmplz-subtitle\">A base pela qual podemos processar esses dados \u00e9:<\/p><p><a target=\"_blank\" rel=\"noopener noreferrer nofollow\" href=\"https:\/\/cookiedatabase.org\/legal-bases\/#consent\">Mediar uma concess\u00e3o de consentimento.<\/a><\/p><p class=\"cmplz-subtitle\">Per\u00edodo de reten\u00e7\u00e3o<\/p><p>Determina o per\u00edodo de reten\u00e7\u00e3o do contrato usando crit\u00e9rios de objeto fixo: 1 ano<\/p><\/details><h2>2. Biscoitos<\/h2><p>Nosso site usa cookies. Para obter informa\u00e7\u00f5es sobre cookies, consulte o nosso site <a href=\"https:\/\/www.sofleet.eu\/pt\/politica-de-cookies-da-ue\/\">Pol\u00edtica de Cookies<\/a>.&nbsp;<\/p><h2>3. Pr\u00e1ticas de divulga\u00e7\u00e3o<\/h2><p><p>As informa\u00e7\u00f5es divulgadas foram obtidas por lei ou por ordem judicial, em resposta a uma ag\u00eancia de aplica\u00e7\u00e3o da lei, sem permiss\u00e3o legal para outras ag\u00eancias de aplica\u00e7\u00e3o da lei, para fornecer informa\u00e7\u00f5es ou para uma investiga\u00e7\u00e3o, a fim de fornecer seguran\u00e7a. p\u00fablico.<\/p><p>Se o nosso site ou organiza\u00e7\u00e3o de compra, venda ou compra estiver envolvido em alguma compra ou compra, estas s\u00f3 poder\u00e3o ser divulgadas aos nossos consultores ou potenciais compradores e ser\u00e3o divulgadas aos nossos novos propriet\u00e1rios.<\/p><\/p><h2>4. Seguranca<\/h2><p>Estamos comprometidos em proteger seus filhos. Temos medidas de seguran\u00e7a adequadas para limitar o abuso e o acesso n\u00e3o autorizado a crian\u00e7as. Garanto que os seus filhos t\u00eam acesso aos seus filhos, que os seus filhos est\u00e3o protegidos e que as nossas medidas de seguran\u00e7a s\u00e3o verificadas regularmente.<\/p><h2>5. Terceiros sites<\/h2><p>Esta declara\u00e7\u00e3o de privacidade n\u00e3o se aplica a sites de terceiros vinculados por links ao nosso site. Podemos garantir que esses terceiros sejam manuseados por seus filhos de maneira segura. Recomendamos que voc\u00ea declare a privacidade desses sites antes de us\u00e1-los.<\/p><h2>6. Altera\u00e7\u00f5es a esta declara\u00e7\u00e3o de privacidade<\/h2><p>Reservamo-nos o direito de dizer que qualquer altera\u00e7\u00e3o \u00e9 uma declara\u00e7\u00e3o de privacidade. Recomenda-se que consulte regularmente esta declara\u00e7\u00e3o de privacidade, de forma a estar ciente de quaisquer altera\u00e7\u00f5es. Al\u00e9m disso, iremos inform\u00e1-lo ativamente apenas poss\u00edvel.<\/p><h2>7. Aceder e modificar seus dados<\/h2><p>Se tiver alguma d\u00favida ou quiser saber quais dados pesoais temos sobre si, entre em contato conosco. Entre em contato conosco para obter as informa\u00e7\u00f5es abaixo. Aqui est\u00e3o os seguintes ditos:<\/p><ul>\n                <li>Tem o direito de saber por que dados pesoais s\u00e3o necess\u00e1rios, o que acontecer com eles e por quo tempo tempo ser\u00e3o retidos.<\/li>\n                <li>Dire\u00e7\u00e3o de acesso: esta \u00e9 a dire\u00e7\u00e3o de acesso a todos os nossos filhos que sabem o que estamos fazendo.<\/li>\n                <li>Dire\u00e7\u00e3o para retifica\u00e7\u00e3o: \u00e9 a dire\u00e7\u00e3o para complementar, corrigir, excluir ou bloquear seus \u00fanicos filhos que voc\u00ea n\u00e3o pode desejar.<\/li>\n                <li>Este \u00e9 o nosso consentimento para processar os nossos filhos, \u00e9 hora de dizer para revogar o seu consentimento e eliminar os seus filhos.<\/li>\n                <li>Instru\u00e7\u00f5es para transferir para seus filhos: esta \u00e9 a instru\u00e7\u00e3o para transferir todos os seus filhos para o controlador e transferi-los integralmente para o controlador externo.<\/li>\n                <li>Ordem de disputa: Isso pode ser feito pelo processo de seus filhos. Cumprimos isso, a menos que haja motivos justificados para o processamento.<\/li>\n            <\/ul><p>Por favor, confirme que voc\u00ea deve declarar claramente que tem certeza de que n\u00e3o modificou ou excluiu quaisquer itens errados.<\/p><h2>8. Invejar uma reclama\u00e7\u00e3o<\/h2><p>Se n\u00e3o estiver satisfeito com a forma de uma transa\u00e7\u00e3o (uma reclama\u00e7\u00e3o nos termos da lei) ou com o tratamento dos seus filhos, tamb\u00e9m lhe ser\u00e1 solicitado que apresente uma reclama\u00e7\u00e3o \u00e0 Autoridade de Prote\u00e7\u00e3o de Dados.<\/p><h2>9. Detalhes de contato<\/h2><p>SAS SINOX<br \/>\n        100 rue Aglaonice de Thessalie, 34170, Castelneau-le-Lez<br \/>\n        Franc\u00eas<br \/>\n        Locais na Internet: <a href=\"https:\/\/www.sofleet.eu\/pt\">https:\/\/www.sofleet.eu\/pt<\/a> <br \/>\n        E-mail: <span class=\"cmplz-obfuscate\">contato@<span class=\"cmplz-fmail-domain\">ex.com<\/span>sofleet.eu<\/span> <br \/>\n        Telefone: 04 30 00 19 10<\/p><\/div><\/div>\n\t\t\t\t\t\t<\/div>\n\t\t\t\t<\/div>\n\t\t\t\t\t<\/div>\n\t\t\t\t<\/div>\n\t\t\t\t<\/div>","protected":false},"excerpt":{"rendered":"","protected":false},"author":1,"featured_media":0,"parent":0,"menu_order":0,"comment_status":"closed","ping_status":"closed","template":"","meta":{"_acf_changed":false,"_eb_attr":"","footnotes":""},"class_list":["post-1691","page","type-page","status-publish","hentry"],"acf":[],"yoast_head":"<!-- This site is optimized with the Yoast SEO plugin v23.1 - https:\/\/yoast.com\/wordpress\/plugins\/seo\/ -->\n<title>D\u00e9claration de confidentialit\u00e9 (UE) - SoFLEET<\/title>\n<meta name=\"robots\" content=\"index, follow, max-snippet:-1, max-image-preview:large, max-video-preview:-1\" \/>\n<link rel=\"canonical\" href=\"https:\/\/www.sofleet.eu\/pt\/declaracao-de-privacidade-da-ue\/\" \/>\n<meta property=\"og:locale\" content=\"pt_PT\" \/>\n<meta property=\"og:type\" content=\"article\" \/>\n<meta property=\"og:title\" content=\"D\u00e9claration de confidentialit\u00e9 (UE) - SoFLEET\" \/>\n<meta property=\"og:url\" content=\"https:\/\/www.sofleet.eu\/pt\/declaracao-de-privacidade-da-ue\/\" \/>\n<meta property=\"og:site_name\" content=\"SoFLEET\" \/>\n<meta property=\"article:modified_time\" content=\"2025-08-12T21:57:48+00:00\" \/>\n<meta name=\"twitter:card\" content=\"summary_large_image\" \/>\n<script type=\"application\/ld+json\" class=\"yoast-schema-graph\">{\"@context\":\"https:\/\/schema.org\",\"@graph\":[{\"@type\":\"WebPage\",\"@id\":\"https:\/\/www.sofleet.eu\/declaration-de-confidentialite-ue\/\",\"url\":\"https:\/\/www.sofleet.eu\/declaration-de-confidentialite-ue\/\",\"name\":\"D\u00e9claration de confidentialit\u00e9 (UE) - SoFLEET\",\"isPartOf\":{\"@id\":\"https:\/\/www.sofleet.eu\/#website\"},\"datePublished\":\"2024-07-29T06:11:13+00:00\",\"dateModified\":\"2025-08-12T21:57:48+00:00\",\"breadcrumb\":{\"@id\":\"https:\/\/www.sofleet.eu\/declaration-de-confidentialite-ue\/#breadcrumb\"},\"inLanguage\":\"pt-PT\",\"potentialAction\":[{\"@type\":\"ReadAction\",\"target\":[\"https:\/\/www.sofleet.eu\/declaration-de-confidentialite-ue\/\"]}]},{\"@type\":\"BreadcrumbList\",\"@id\":\"https:\/\/www.sofleet.eu\/declaration-de-confidentialite-ue\/#breadcrumb\",\"itemListElement\":[{\"@type\":\"ListItem\",\"position\":1,\"name\":\"Accueil\",\"item\":\"https:\/\/www.sofleet.eu\/\"},{\"@type\":\"ListItem\",\"position\":2,\"name\":\"D\u00e9claration de confidentialit\u00e9 (UE)\"}]},{\"@type\":\"WebSite\",\"@id\":\"https:\/\/www.sofleet.eu\/#website\",\"url\":\"https:\/\/www.sofleet.eu\/\",\"name\":\"SoFLEET\",\"description\":\"\u00c9coconduite &amp; gestion de flotte automobile\",\"publisher\":{\"@id\":\"https:\/\/www.sofleet.eu\/#organization\"},\"potentialAction\":[{\"@type\":\"SearchAction\",\"target\":{\"@type\":\"EntryPoint\",\"urlTemplate\":\"https:\/\/www.sofleet.eu\/?s={search_term_string}\"},\"query-input\":\"required name=search_term_string\"}],\"inLanguage\":\"pt-PT\"},{\"@type\":\"Organization\",\"@id\":\"https:\/\/www.sofleet.eu\/#organization\",\"name\":\"SoFLEET\",\"url\":\"https:\/\/www.sofleet.eu\/\",\"logo\":{\"@type\":\"ImageObject\",\"inLanguage\":\"pt-PT\",\"@id\":\"https:\/\/www.sofleet.eu\/#\/schema\/logo\/image\/\",\"url\":\"https:\/\/www.sofleet.eu\/wp-content\/uploads\/2024\/06\/so-fleet-wpcf_453x200.png\",\"contentUrl\":\"https:\/\/www.sofleet.eu\/wp-content\/uploads\/2024\/06\/so-fleet-wpcf_453x200.png\",\"width\":453,\"height\":200,\"caption\":\"SoFLEET\"},\"image\":{\"@id\":\"https:\/\/www.sofleet.eu\/#\/schema\/logo\/image\/\"}}]}<\/script>\n<!-- \/ Yoast SEO plugin. -->","yoast_head_json":{"title":"Declara\u00e7\u00e3o de Privacidade (UE) - SoFLEET","robots":{"index":"index","follow":"follow","max-snippet":"max-snippet:-1","max-image-preview":"max-image-preview:large","max-video-preview":"max-video-preview:-1"},"canonical":"https:\/\/www.sofleet.eu\/pt\/declaracao-de-privacidade-da-ue\/","og_locale":"pt_PT","og_type":"article","og_title":"D\u00e9claration de confidentialit\u00e9 (UE) - SoFLEET","og_url":"https:\/\/www.sofleet.eu\/pt\/declaracao-de-privacidade-da-ue\/","og_site_name":"SoFLEET","article_modified_time":"2025-08-12T21:57:48+00:00","twitter_card":"summary_large_image","schema":{"@context":"https:\/\/schema.org","@graph":[{"@type":"WebPage","@id":"https:\/\/www.sofleet.eu\/declaration-de-confidentialite-ue\/","url":"https:\/\/www.sofleet.eu\/declaration-de-confidentialite-ue\/","name":"Declara\u00e7\u00e3o de Privacidade (UE) - SoFLEET","isPartOf":{"@id":"https:\/\/www.sofleet.eu\/#website"},"datePublished":"2024-07-29T06:11:13+00:00","dateModified":"2025-08-12T21:57:48+00:00","breadcrumb":{"@id":"https:\/\/www.sofleet.eu\/declaration-de-confidentialite-ue\/#breadcrumb"},"inLanguage":"pt-PT","potentialAction":[{"@type":"ReadAction","target":["https:\/\/www.sofleet.eu\/declaration-de-confidentialite-ue\/"]}]},{"@type":"BreadcrumbList","@id":"https:\/\/www.sofleet.eu\/declaration-de-confidentialite-ue\/#breadcrumb","itemListElement":[{"@type":"ListItem","position":1,"name":"Accueil","item":"https:\/\/www.sofleet.eu\/"},{"@type":"ListItem","position":2,"name":"D\u00e9claration de confidentialit\u00e9 (UE)"}]},{"@type":"WebSite","@id":"https:\/\/www.sofleet.eu\/#website","url":"https:\/\/www.sofleet.eu\/","name":"SoFLEET","description":"Condu\u00e7\u00e3o ecol\u00f3gica e gest\u00e3o de frotas","publisher":{"@id":"https:\/\/www.sofleet.eu\/#organization"},"potentialAction":[{"@type":"SearchAction","target":{"@type":"EntryPoint","urlTemplate":"https:\/\/www.sofleet.eu\/?s={search_term_string}"},"query-input":"required name=search_term_string"}],"inLanguage":"pt-PT"},{"@type":"Organization","@id":"https:\/\/www.sofleet.eu\/#organization","name":"SoFLEET","url":"https:\/\/www.sofleet.eu\/","logo":{"@type":"ImageObject","inLanguage":"pt-PT","@id":"https:\/\/www.sofleet.eu\/#\/schema\/logo\/image\/","url":"https:\/\/www.sofleet.eu\/wp-content\/uploads\/2024\/06\/so-fleet-wpcf_453x200.png","contentUrl":"https:\/\/www.sofleet.eu\/wp-content\/uploads\/2024\/06\/so-fleet-wpcf_453x200.png","width":453,"height":200,"caption":"SoFLEET"},"image":{"@id":"https:\/\/www.sofleet.eu\/#\/schema\/logo\/image\/"}}]}},"_links":{"self":[{"href":"https:\/\/www.sofleet.eu\/pt\/wp-json\/wp\/v2\/pages\/1691","targetHints":{"allow":["GET"]}}],"collection":[{"href":"https:\/\/www.sofleet.eu\/pt\/wp-json\/wp\/v2\/pages"}],"about":[{"href":"https:\/\/www.sofleet.eu\/pt\/wp-json\/wp\/v2\/types\/page"}],"author":[{"embeddable":true,"href":"https:\/\/www.sofleet.eu\/pt\/wp-json\/wp\/v2\/users\/1"}],"replies":[{"embeddable":true,"href":"https:\/\/www.sofleet.eu\/pt\/wp-json\/wp\/v2\/comments?post=1691"}],"version-history":[{"count":0,"href":"https:\/\/www.sofleet.eu\/pt\/wp-json\/wp\/v2\/pages\/1691\/revisions"}],"wp:attachment":[{"href":"https:\/\/www.sofleet.eu\/pt\/wp-json\/wp\/v2\/media?parent=1691"}],"curies":[{"name":"wp","href":"https:\/\/api.w.org\/{rel}","templated":true}]}}